{"id":965,"date":"2022-05-20T10:13:43","date_gmt":"2022-05-20T08:13:43","guid":{"rendered":"https:\/\/masseria-del-carrubo.com\/?page_id=965"},"modified":"2025-05-16T13:52:52","modified_gmt":"2025-05-16T11:52:52","slug":"contact-localisation","status":"publish","type":"page","link":"https:\/\/masseria-del-carrubo.com\/fr\/contact-localisation\/","title":{"rendered":"Contact &#038; Localisation"},"content":{"rendered":"<div class=\"wpb-content-wrapper\"><p>[vc_row][vc_column][vc_custom_heading text=\u00a0\u00bbRenseignements et<br \/>\nr\u00e9servations en direct\u00a0\u00bb font_container=\u00a0\u00bbtag:h2|text_align:center|color:%23bc926c\u00a0\u00bb use_theme_fonts=\u00a0\u00bbyes\u00a0\u00bb][vc_row_inner][vc_column_inner width=\u00a0\u00bb1\/4&Prime;][\/vc_column_inner][vc_column_inner width=\u00a0\u00bb1\/2&Prime;][vc_custom_heading text=\u00a0\u00bbNotre \u00e9quipe est \u00e0 votre disposition pour vous renseigner et vous aider \u00e0 organiser votre s\u00e9jour en Sicile\u00a0\u00bb font_container=\u00a0\u00bbtag:h5|text_align:center|color:%23bc926c\u00a0\u00bb use_theme_fonts=\u00a0\u00bbyes\u00a0\u00bb]<div class=\"ult-spacer spacer-69e76352b0bea\" data-id=\"69e76352b0bea\" data-height=\"25\" data-height-mobile=\"25\" data-height-tab=\"25\" data-height-tab-portrait=\"\" data-height-mobile-landscape=\"\" style=\"clear:both;display:block;\"><\/div>[vc_column_text css=\u00a0\u00bb\u00a0\u00bb]<\/p>\n<p style=\"text-align: center;\"><strong>Adresse :<\/strong><br \/>\nLocalit\u00e0 Casale Modica (Noto)<br \/>\nSP 26 Sicile \u2013 Italie<\/p>\n<p style=\"text-align: center;\"><strong>T\u00e9l\u00e9phone :<\/strong> +39 393 833 6595<br \/>\n<strong>Email :<\/strong> info@masseria-del-carrubo.com<\/p>\n<p>[\/vc_column_text][\/vc_column_inner][vc_column_inner width=\u00a0\u00bb1\/4&Prime;][\/vc_column_inner][\/vc_row_inner]<div class=\"ult-spacer spacer-69e76352b0c0c\" data-id=\"69e76352b0c0c\" data-height=\"100\" data-height-mobile=\"100\" data-height-tab=\"100\" data-height-tab-portrait=\"\" data-height-mobile-landscape=\"\" style=\"clear:both;display:block;\"><\/div>[\/vc_column][\/vc_row][vc_row full_width=\u00a0\u00bbstretch_row_content_no_spaces\u00a0\u00bb][vc_column]<div class=\"sbvcgmap-map-wrapper\" style=\"width:100%;height:500px\"><div class=\"sbvcgmap-map\" zoom=\"9\" maptype=\"ROADMAP\" panoramatogglebutton=\"no\" pancontrol=\"yes\" pancontrol_position=\"TOP_LEFT\" zoomcontrol=\"yes\" zoomcontrol_position=\"TOP_LEFT\" zoomcontrolstyle=\"DEFAULT\" maptypecontrol=\"yes\" maptypecontrol_position=\"TOP_RIGHT\" streetviewcontrol=\"no\" streetviewcontrol_position=\"TOP_LEFT\" overviewmapcontrol=\"yes\" overviewmapcontrolvisible=\"no\" maptypecontrolstyle=\"DEFAULT\" mapstyle=\"style-32\" weather=\"no\" traffic=\"no\" transit=\"no\" bicycle=\"no\" panoramio=\"no\" draggable=\"yes\" scrollwheel=\"no\" cplatitude=\"37.125901887085\" cplongitude=\"14.849313262434\" scalecontrol=\"yes\" searchtype=\"disabled\" searchradius=\"500\" searchiconanimation=\"NONE\" searchdirectiontext=\"\" reloadonresize=\"no\" clustering=\"no\" style=\"width:100%;height:500px\"><div class=\"sbvcgmap-marker\" data-lat=\"36.805116535314\" data-lng=\"14.9757099\" infowindow=\"no\" icon=\"https:\/\/masseria-del-carrubo.com\/wp-content\/uploads\/2022\/04\/pin-Masseria-del-Carrubo.png\" animation=\"BOUNCE\" customstyles=\"yes\" csbg=\"url(https:\/\/masseria-del-carrubo.com\/wp-content\/uploads\/2022\/03\/Motif-50pct@0.2x.png) repeat #f2efea\" cswidth=\"220px\" cspadding=\"10px\" csborderradius=\"5px\" csboxshadow=\"\" csborder=\"2px solid #ffffff\" csclosemargin=\"0px 0px 0 0\" cscloseimage=\"https:\/\/masseria-del-carrubo.com\/wp-content\/uploads\/2022\/05\/close-icon.png\" csxposition=\"-110\" csyposition=\"-50\" ><\/p>\n<p style=\"text-align: center;\"><strong><img loading=\"lazy\" decoding=\"async\" class=\"alignnone wp-image-26\" src=\"https:\/\/masseria-del-carrubo.com\/wp-content\/uploads\/2022\/03\/Logo-Masseria-del-Carrubo-80.png\" alt=\"\" width=\"200\" height=\"75\" \/><\/strong><\/p>\n<p style=\"text-align: center;\"><strong>H\u00f4tel 4 \u00e9toiles &#8211; Noto<\/strong><\/p>\n<p><\/div><div class=\"sbvcgmap-marker\" data-lat=\"37.467287548749\" data-lng=\"15.065774598371\" infowindow=\"no\" icon=\"https:\/\/masseria-del-carrubo.com\/wp-content\/uploads\/2022\/05\/pin-aeroport-sicile.png\" animation=\"NONE\" customstyles=\"yes\" csbg=\"url(https:\/\/masseria-del-carrubo.com\/wp-content\/uploads\/2022\/03\/Motif-50pct@0.2x.png) repeat #f2efea\" cswidth=\"220px\" cspadding=\"10px\" csborderradius=\"5px\" csboxshadow=\"\" csborder=\"2px solid #ffffff\" csclosemargin=\"0px 0px 0 0\" cscloseimage=\"https:\/\/masseria-del-carrubo.com\/wp-content\/uploads\/2022\/05\/close-icon.png\" csxposition=\"-110\" csyposition=\"-50\" ><\/p>\n<p style=\"text-align: center;\"><strong>A\u00e9roport de Catane<\/strong><\/p>\n<p style=\"text-align: center;\"><em>A\u00e9roport en provenances des principales villes europ\u00e9ennes<\/em><\/p>\n<p><\/div><div class=\"sbvcgmap-marker\" data-lat=\"36.998389717033\" data-lng=\"14.60686544069\" infowindow=\"no\" icon=\"https:\/\/masseria-del-carrubo.com\/wp-content\/uploads\/2022\/05\/pin-aeroport-sicile.png\" animation=\"NONE\" customstyles=\"yes\" csbg=\"url(https:\/\/masseria-del-carrubo.com\/wp-content\/uploads\/2022\/03\/Motif-50pct@0.2x.png) repeat #f2efea\" cswidth=\"220px\" cspadding=\"10px\" csborderradius=\"5px\" csboxshadow=\"\" csborder=\"2px solid #ffffff\" csclosemargin=\"0px 0px 0 0\" cscloseimage=\"https:\/\/masseria-del-carrubo.com\/wp-content\/uploads\/2022\/05\/close-icon.png\" csxposition=\"-110\" csyposition=\"-50\" ><\/p>\n<p style=\"text-align: center;\"><strong>A\u00e9roport de Comiso<\/strong><\/p>\n<p style=\"text-align: center;\"><em>Vols Ryanair int\u00e9rieurs et en provenance de Belgique<\/em><\/p>\n<p><\/div><div class=\"sbvcgmap-marker\" data-lat=\"36.716870603819\" data-lng=\"14.830662711644\" infowindow=\"no\" icon=\"https:\/\/masseria-del-carrubo.com\/wp-content\/uploads\/2022\/05\/pin-port.png\" animation=\"NONE\" customstyles=\"yes\" csbg=\"url(https:\/\/masseria-del-carrubo.com\/wp-content\/uploads\/2022\/03\/Motif-50pct@0.2x.png) repeat #f2efea\" cswidth=\"220px\" cspadding=\"10px\" csborderradius=\"5px\" csboxshadow=\"\" csborder=\"2px solid #ffffff\" csclosemargin=\"0px 0px 0 0\" cscloseimage=\"https:\/\/masseria-del-carrubo.com\/wp-content\/uploads\/2022\/05\/close-icon.png\" csxposition=\"-110\" csyposition=\"-50\" ><\/p>\n<p style=\"text-align: center;\"><strong>Port\u00a0 de Pozzalo<\/strong><\/p>\n<p style=\"text-align: center;\">Travers\u00e9es Malte &#8211; Sicile<\/p>\n<p><\/div><div class=\"sbvcgmap-marker\" data-lat=\"38.187600445166\" data-lng=\"15.562688454601\" infowindow=\"no\" icon=\"https:\/\/masseria-del-carrubo.com\/wp-content\/uploads\/2022\/05\/pin-port.png\" animation=\"NONE\" customstyles=\"yes\" csbg=\"url(https:\/\/masseria-del-carrubo.com\/wp-content\/uploads\/2022\/03\/Motif-50pct@0.2x.png) repeat #f2efea\" cswidth=\"220px\" cspadding=\"10px\" csborderradius=\"5px\" csboxshadow=\"\" csborder=\"2px solid #ffffff\" csclosemargin=\"0px 0px 0 0\" cscloseimage=\"https:\/\/masseria-del-carrubo.com\/wp-content\/uploads\/2022\/05\/close-icon.png\" csxposition=\"-110\" csyposition=\"-50\" ><\/p>\n<p style=\"text-align: center;\"><strong>Port\u00a0 de Messine<\/strong><\/p>\n<p style=\"text-align: center;\">Travers\u00e9es Italie &#8211; Sicile<br \/>\n<em>(Villa San Giovanni, Reggio Calabria et de Salerne)<\/em><\/p>\n<p><\/div><\/div><\/div>[\/vc_column][\/vc_row][vc_row full_width=\u00a0\u00bbstretch_row\u00a0\u00bb css=\u00a0\u00bb.vc_custom_1651679696615{background-image: url(https:\/\/masseria-del-carrubo.com\/wp-content\/uploads\/2022\/03\/Motif-50pct@0.2x.png?id=154) !important;background-position: 0 0 !important;background-repeat: repeat !important;}\u00a0\u00bb][vc_column]<div class=\"ult-spacer spacer-69e76352b2d99\" data-id=\"69e76352b2d99\" data-height=\"35\" data-height-mobile=\"35\" data-height-tab=\"35\" data-height-tab-portrait=\"\" data-height-mobile-landscape=\"\" style=\"clear:both;display:block;\"><\/div>[vc_custom_heading text=\u00a0\u00bbComment arriver chez nous ?\u00a0\u00bb font_container=\u00a0\u00bbtag:h2|text_align:center|color:%23bc926c\u00a0\u00bb use_theme_fonts=\u00a0\u00bbyes\u00a0\u00bb]<div class=\"ult-spacer spacer-69e76352b2dae\" data-id=\"69e76352b2dae\" data-height=\"50\" data-height-mobile=\"50\" data-height-tab=\"50\" data-height-tab-portrait=\"\" data-height-mobile-landscape=\"\" style=\"clear:both;display:block;\"><\/div>[vc_column_text]<\/p>\n<h5 style=\"text-align: center;\">En Avion\u00a0:<\/h5>\n<p style=\"text-align: center;\"><strong>De l\u2019A\u00e9roport de Comiso<\/strong><br \/>\n(68 km &#8211; 1h10 min) : prenez la SS514 Direction Ragusa-Modica-Ispica et prenez la sortie Rossolini<\/p>\n<p style=\"text-align: center;\"><strong>Compagnies :<\/strong><\/p>\n<p style=\"text-align: center;\"><strong>Ryanair<\/strong> (fin mars \u00e0 fin octobre) : Vols int\u00e9rieurs mais aussi en provenance de Belgique<\/p>\n<p>&nbsp;<\/p>\n<p style=\"text-align: center;\"><strong>De l\u2019A\u00e9roport de Catania<\/strong><br \/>\n(103 km \u2013 1h) : prenez autoroute E45 et sortez \u00e0 Rosolini<\/p>\n<p style=\"text-align: center;\"><strong>Principales compagnies :<\/strong><\/p>\n<p style=\"text-align: center;\"><strong>Transavia<\/strong> : <em>France (Paris)<\/em><br \/>\n<strong>Smart Wings<\/strong> : <em>France (Nantes)<\/em><br \/>\n<strong>British Airways<\/strong> : <em>Royaume-Uni (Londres)<\/em><br \/>\n<strong>Lufthansa<\/strong> :<em> Allemagne (Frankfurt, Munich)<\/em><br \/>\n<strong>Austrian Airlines<\/strong> : <em>Autriche (Vienne)<\/em><br \/>\n<strong>Eurowings<\/strong> : <em>Allemagne (Stuttgart, D\u00fcsseldorf)<\/em><br \/>\n<strong>Iberia<\/strong> : <em>Espagne (Barcelone)<\/em><br \/>\n<strong>Air Europa<\/strong> : <em>vols interieurs (Rome)<\/em><br \/>\n<strong>Easyjet<\/strong> : <em>vols int\u00e9rieurs (Milan), France (Paris), Royaume-Uni (Londres, Bristol), Allemagne (Berlin)<\/em><br \/>\n<strong>Ryanair<\/strong> : <em>vols int\u00e9rieurs (Rome, Turin, Venise, Cagliari, Bologne, Naples, G\u00eanes, Perugia, Bergame, Bari), Malte (Malte), France (Marseille), Espagne (Madrid), Gr\u00e8ce (Ath\u00e8nes), Pologne (Cracovie)<\/em><br \/>\n<strong>Air Malta<\/strong> : <em>vols int\u00e9rieurs (Milan)<\/em><br \/>\n<strong>Volotea<\/strong> : <em>vols int\u00e9rieurs (Ancona, Pescara)<\/em><br \/>\n<strong>Vueling<\/strong> : <em>vols int\u00e9rieurs (Florence)<\/em><br \/>\n<strong>Wizz Air<\/strong> : <em>vols int\u00e9rieurs (Rome, Milan, Verone, Pise), Allemagne (Dortmund), Royaume-Uni (Londres)<\/em><br \/>\n<strong>ITA Airways <\/strong>: <em>vols int\u00e9rieurs (Milan)<\/em><br \/>\n<strong>Jet Air<\/strong> : <em>France (Lille)<\/em><br \/>\n<strong>Edelweiss<\/strong> : <em>Suisse (Zuroch)<\/em><\/p>\n<p>[\/vc_column_text]<div class=\"ult-spacer spacer-69e76352b2dbb\" data-id=\"69e76352b2dbb\" data-height=\"50\" data-height-mobile=\"50\" data-height-tab=\"50\" data-height-tab-portrait=\"\" data-height-mobile-landscape=\"\" style=\"clear:both;display:block;\"><\/div>[vc_column_text]<\/p>\n<h5 style=\"text-align: center;\">En Bateau\u00a0:<\/h5>\n<p style=\"text-align: center;\"><strong>Par bateau et depuis Messine<\/strong><br \/>\n(202 km &#8211; 2h15 min) : Prenez autoroute E45\/A18 et sortez \u00e0 Rossolini<\/p>\n<p style=\"text-align: center;\"><strong>Compagnies :<br \/>\n<\/strong><em>Provenances de Villa San Giovanni, Reggio Calabria et de Salerne<\/em><br \/>\nCaronte &amp; Tourist<br \/>\nUstica Lines<\/p>\n<p style=\"text-align: center;\"><strong>Par bateau et depuis Pozzalo<br \/>\n<\/strong>(19 km \u2013 22 min) : Prenez la SP26 et ensuite autoroute A18\/E45 et sortez a Rossolini<\/p>\n<p style=\"text-align: center;\"><strong>Compagnie:<\/strong><br \/>\n<em>Provenances de Malte (La Valette)<\/em><br \/>\nVirtu Ferries<\/p>\n<p>[\/vc_column_text]<div class=\"ult-spacer spacer-69e76352b2dc5\" data-id=\"69e76352b2dc5\" data-height=\"60\" data-height-mobile=\"60\" data-height-tab=\"60\" data-height-tab-portrait=\"\" data-height-mobile-landscape=\"\" style=\"clear:both;display:block;\"><\/div>[\/vc_column][\/vc_row]<\/p>\n<\/div>","protected":false},"excerpt":{"rendered":"<p>[vc_row][vc_column][vc_custom_heading text=\u00a0\u00bbRenseignements et r\u00e9servations en direct\u00a0\u00bb font_container=\u00a0\u00bbtag:h2|text_align:center|color:%23bc926c\u00a0\u00bb use_theme_fonts=\u00a0\u00bbyes\u00a0\u00bb][vc_row_inner][vc_column_inner width=\u00a0\u00bb1\/4&Prime;][\/vc_column_inner][vc_column_inner width=\u00a0\u00bb1\/2&Prime;][vc_custom_heading text=\u00a0\u00bbNotre \u00e9quipe est \u00e0 votre disposition pour vous renseigner et vous aider \u00e0 organiser votre s\u00e9jour en Sicile\u00a0\u00bb font_container=\u00a0\u00bbtag:h5|text_align:center|color:%23bc926c\u00a0\u00bb use_theme_fonts=\u00a0\u00bbyes\u00a0\u00bb][vc_column_text css=\u00a0\u00bb\u00a0\u00bb] Adresse : Localit\u00e0 Casale Modica (Noto) SP 26 Sicile \u2013 Italie T\u00e9l\u00e9phone : +39 393 833 6595 Email : info@masseria-del-carrubo.com [\/vc_column_text][\/vc_column_inner][vc_column_inner width=\u00a0\u00bb1\/4&Prime;][\/vc_column_inner][\/vc_row_inner][\/vc_column][\/vc_row][vc_row full_width=\u00a0\u00bbstretch_row_content_no_spaces\u00a0\u00bb][vc_column][\/vc_column][\/vc_row][vc_row full_width=\u00a0\u00bbstretch_row\u00a0\u00bb&hellip;<\/p>\n","protected":false},"author":1,"featured_media":0,"parent":0,"menu_order":5,"comment_status":"closed","ping_status":"closed","template":"","meta":{"footnotes":""},"class_list":["post-965","page","type-page","status-publish","hentry","description-off"],"yoast_head":"<!-- This site is optimized with the Yoast SEO plugin v23.7 - https:\/\/yoast.com\/wordpress\/plugins\/seo\/ -->\n<title>Contact &amp; Localisation - Masseria del Carrubo - Hotel Noto - Sicilia<\/title>\n<meta name=\"description\" content=\"H\u00f4tel 4 \u00e9toiles luxe avec vue mer exceptionnelle proche de Noto en Sicile. H\u00f4tel de charme avec piscine, jacuzzi, Pool bar. Suites familiales\" \/>\n<meta name=\"robots\" content=\"index, follow, max-snippet:-1, max-image-preview:large, max-video-preview:-1\" \/>\n<link rel=\"canonical\" href=\"https:\/\/masseria-del-carrubo.com\/fr\/contact-localisation\/\" \/>\n<meta property=\"og:locale\" content=\"fr_FR\" \/>\n<meta property=\"og:type\" content=\"article\" \/>\n<meta property=\"og:title\" content=\"Contact &amp; Localisation - Masseria del Carrubo - Hotel Noto - Sicilia\" \/>\n<meta property=\"og:description\" content=\"H\u00f4tel 4 \u00e9toiles luxe avec vue mer exceptionnelle proche de Noto en Sicile. H\u00f4tel de charme avec piscine, jacuzzi, Pool bar. Suites familiales\" \/>\n<meta property=\"og:url\" content=\"https:\/\/masseria-del-carrubo.com\/fr\/contact-localisation\/\" \/>\n<meta property=\"og:site_name\" content=\"Masseria del Carrubo - Hotel Noto - Sicilia\" \/>\n<meta property=\"article:publisher\" content=\"https:\/\/www.facebook.com\/Masseriedelcarruno\" \/>\n<meta property=\"article:modified_time\" content=\"2025-05-16T11:52:52+00:00\" \/>\n<meta property=\"og:image\" content=\"https:\/\/masseria-del-carrubo.com\/wp-content\/uploads\/2022\/03\/Logo-Masseria-del-Carrubo-80.png\" \/>\n\t<meta property=\"og:image:width\" content=\"213\" \/>\n\t<meta property=\"og:image:height\" content=\"80\" \/>\n\t<meta property=\"og:image:type\" content=\"image\/png\" \/>\n<meta name=\"twitter:card\" content=\"summary_large_image\" \/>\n<meta name=\"twitter:label1\" content=\"Dur\u00e9e de lecture estim\u00e9e\" \/>\n\t<meta name=\"twitter:data1\" content=\"3 minutes\" \/>\n<script type=\"application\/ld+json\" class=\"yoast-schema-graph\">{\"@context\":\"https:\/\/schema.org\",\"@graph\":[{\"@type\":\"WebPage\",\"@id\":\"https:\/\/masseria-del-carrubo.com\/fr\/contact-localisation\/\",\"url\":\"https:\/\/masseria-del-carrubo.com\/fr\/contact-localisation\/\",\"name\":\"Contact & Localisation - Masseria del Carrubo - Hotel Noto - Sicilia\",\"isPartOf\":{\"@id\":\"https:\/\/masseria-del-carrubo.com\/fr\/#website\"},\"primaryImageOfPage\":{\"@id\":\"https:\/\/masseria-del-carrubo.com\/fr\/contact-localisation\/#primaryimage\"},\"image\":{\"@id\":\"https:\/\/masseria-del-carrubo.com\/fr\/contact-localisation\/#primaryimage\"},\"thumbnailUrl\":\"https:\/\/masseria-del-carrubo.com\/wp-content\/uploads\/2022\/03\/Logo-Masseria-del-Carrubo-80.png\",\"datePublished\":\"2022-05-20T08:13:43+00:00\",\"dateModified\":\"2025-05-16T11:52:52+00:00\",\"description\":\"H\u00f4tel 4 \u00e9toiles luxe avec vue mer exceptionnelle proche de Noto en Sicile. H\u00f4tel de charme avec piscine, jacuzzi, Pool bar. Suites familiales\",\"breadcrumb\":{\"@id\":\"https:\/\/masseria-del-carrubo.com\/fr\/contact-localisation\/#breadcrumb\"},\"inLanguage\":\"fr-FR\",\"potentialAction\":[{\"@type\":\"ReadAction\",\"target\":[\"https:\/\/masseria-del-carrubo.com\/fr\/contact-localisation\/\"]}]},{\"@type\":\"ImageObject\",\"inLanguage\":\"fr-FR\",\"@id\":\"https:\/\/masseria-del-carrubo.com\/fr\/contact-localisation\/#primaryimage\",\"url\":\"https:\/\/masseria-del-carrubo.com\/wp-content\/uploads\/2022\/03\/Logo-Masseria-del-Carrubo-80.png\",\"contentUrl\":\"https:\/\/masseria-del-carrubo.com\/wp-content\/uploads\/2022\/03\/Logo-Masseria-del-Carrubo-80.png\"},{\"@type\":\"BreadcrumbList\",\"@id\":\"https:\/\/masseria-del-carrubo.com\/fr\/contact-localisation\/#breadcrumb\",\"itemListElement\":[{\"@type\":\"ListItem\",\"position\":1,\"name\":\"Accueil\",\"item\":\"https:\/\/masseria-del-carrubo.com\/fr\/\"},{\"@type\":\"ListItem\",\"position\":2,\"name\":\"Contact &#038; Localisation\"}]},{\"@type\":\"WebSite\",\"@id\":\"https:\/\/masseria-del-carrubo.com\/fr\/#website\",\"url\":\"https:\/\/masseria-del-carrubo.com\/fr\/\",\"name\":\"Masseria del Carrubo - Hotel Noto - Sicilia\",\"description\":\"Un site d\u00e9velopp\u00e9 par PMT Hotels\",\"publisher\":{\"@id\":\"https:\/\/masseria-del-carrubo.com\/fr\/#organization\"},\"potentialAction\":[{\"@type\":\"SearchAction\",\"target\":{\"@type\":\"EntryPoint\",\"urlTemplate\":\"https:\/\/masseria-del-carrubo.com\/fr\/?s={search_term_string}\"},\"query-input\":{\"@type\":\"PropertyValueSpecification\",\"valueRequired\":true,\"valueName\":\"search_term_string\"}}],\"inLanguage\":\"fr-FR\"},{\"@type\":\"Organization\",\"@id\":\"https:\/\/masseria-del-carrubo.com\/fr\/#organization\",\"name\":\"Masseria del Carrubo - Hotel Noto - Sicilia\",\"url\":\"https:\/\/masseria-del-carrubo.com\/fr\/\",\"logo\":{\"@type\":\"ImageObject\",\"inLanguage\":\"fr-FR\",\"@id\":\"https:\/\/masseria-del-carrubo.com\/fr\/#\/schema\/logo\/image\/\",\"url\":\"https:\/\/masseria-del-carrubo.com\/wp-content\/uploads\/2022\/03\/Logo-Masseria-del-Carrubo-160.png\",\"contentUrl\":\"https:\/\/masseria-del-carrubo.com\/wp-content\/uploads\/2022\/03\/Logo-Masseria-del-Carrubo-160.png\",\"width\":425,\"height\":160,\"caption\":\"Masseria del Carrubo - Hotel Noto - Sicilia\"},\"image\":{\"@id\":\"https:\/\/masseria-del-carrubo.com\/fr\/#\/schema\/logo\/image\/\"},\"sameAs\":[\"https:\/\/www.facebook.com\/Masseriedelcarruno\",\"https:\/\/www.instagram.com\/masseriadelcarrubo\/\"]}]}<\/script>\n<!-- \/ Yoast SEO plugin. -->","yoast_head_json":{"title":"Contact & Localisation - Masseria del Carrubo - Hotel Noto - Sicilia","description":"H\u00f4tel 4 \u00e9toiles luxe avec vue mer exceptionnelle proche de Noto en Sicile. H\u00f4tel de charme avec piscine, jacuzzi, Pool bar. Suites familiales","robots":{"index":"index","follow":"follow","max-snippet":"max-snippet:-1","max-image-preview":"max-image-preview:large","max-video-preview":"max-video-preview:-1"},"canonical":"https:\/\/masseria-del-carrubo.com\/fr\/contact-localisation\/","og_locale":"fr_FR","og_type":"article","og_title":"Contact & Localisation - Masseria del Carrubo - Hotel Noto - Sicilia","og_description":"H\u00f4tel 4 \u00e9toiles luxe avec vue mer exceptionnelle proche de Noto en Sicile. H\u00f4tel de charme avec piscine, jacuzzi, Pool bar. Suites familiales","og_url":"https:\/\/masseria-del-carrubo.com\/fr\/contact-localisation\/","og_site_name":"Masseria del Carrubo - Hotel Noto - Sicilia","article_publisher":"https:\/\/www.facebook.com\/Masseriedelcarruno","article_modified_time":"2025-05-16T11:52:52+00:00","og_image":[{"width":213,"height":80,"url":"https:\/\/masseria-del-carrubo.com\/wp-content\/uploads\/2022\/03\/Logo-Masseria-del-Carrubo-80.png","type":"image\/png"}],"twitter_card":"summary_large_image","twitter_misc":{"Dur\u00e9e de lecture estim\u00e9e":"3 minutes"},"schema":{"@context":"https:\/\/schema.org","@graph":[{"@type":"WebPage","@id":"https:\/\/masseria-del-carrubo.com\/fr\/contact-localisation\/","url":"https:\/\/masseria-del-carrubo.com\/fr\/contact-localisation\/","name":"Contact & Localisation - Masseria del Carrubo - Hotel Noto - Sicilia","isPartOf":{"@id":"https:\/\/masseria-del-carrubo.com\/fr\/#website"},"primaryImageOfPage":{"@id":"https:\/\/masseria-del-carrubo.com\/fr\/contact-localisation\/#primaryimage"},"image":{"@id":"https:\/\/masseria-del-carrubo.com\/fr\/contact-localisation\/#primaryimage"},"thumbnailUrl":"https:\/\/masseria-del-carrubo.com\/wp-content\/uploads\/2022\/03\/Logo-Masseria-del-Carrubo-80.png","datePublished":"2022-05-20T08:13:43+00:00","dateModified":"2025-05-16T11:52:52+00:00","description":"H\u00f4tel 4 \u00e9toiles luxe avec vue mer exceptionnelle proche de Noto en Sicile. H\u00f4tel de charme avec piscine, jacuzzi, Pool bar. Suites familiales","breadcrumb":{"@id":"https:\/\/masseria-del-carrubo.com\/fr\/contact-localisation\/#breadcrumb"},"inLanguage":"fr-FR","potentialAction":[{"@type":"ReadAction","target":["https:\/\/masseria-del-carrubo.com\/fr\/contact-localisation\/"]}]},{"@type":"ImageObject","inLanguage":"fr-FR","@id":"https:\/\/masseria-del-carrubo.com\/fr\/contact-localisation\/#primaryimage","url":"https:\/\/masseria-del-carrubo.com\/wp-content\/uploads\/2022\/03\/Logo-Masseria-del-Carrubo-80.png","contentUrl":"https:\/\/masseria-del-carrubo.com\/wp-content\/uploads\/2022\/03\/Logo-Masseria-del-Carrubo-80.png"},{"@type":"BreadcrumbList","@id":"https:\/\/masseria-del-carrubo.com\/fr\/contact-localisation\/#breadcrumb","itemListElement":[{"@type":"ListItem","position":1,"name":"Accueil","item":"https:\/\/masseria-del-carrubo.com\/fr\/"},{"@type":"ListItem","position":2,"name":"Contact &#038; Localisation"}]},{"@type":"WebSite","@id":"https:\/\/masseria-del-carrubo.com\/fr\/#website","url":"https:\/\/masseria-del-carrubo.com\/fr\/","name":"Masseria del Carrubo - Hotel Noto - Sicilia","description":"Un site d\u00e9velopp\u00e9 par PMT Hotels","publisher":{"@id":"https:\/\/masseria-del-carrubo.com\/fr\/#organization"},"potentialAction":[{"@type":"SearchAction","target":{"@type":"EntryPoint","urlTemplate":"https:\/\/masseria-del-carrubo.com\/fr\/?s={search_term_string}"},"query-input":{"@type":"PropertyValueSpecification","valueRequired":true,"valueName":"search_term_string"}}],"inLanguage":"fr-FR"},{"@type":"Organization","@id":"https:\/\/masseria-del-carrubo.com\/fr\/#organization","name":"Masseria del Carrubo - Hotel Noto - Sicilia","url":"https:\/\/masseria-del-carrubo.com\/fr\/","logo":{"@type":"ImageObject","inLanguage":"fr-FR","@id":"https:\/\/masseria-del-carrubo.com\/fr\/#\/schema\/logo\/image\/","url":"https:\/\/masseria-del-carrubo.com\/wp-content\/uploads\/2022\/03\/Logo-Masseria-del-Carrubo-160.png","contentUrl":"https:\/\/masseria-del-carrubo.com\/wp-content\/uploads\/2022\/03\/Logo-Masseria-del-Carrubo-160.png","width":425,"height":160,"caption":"Masseria del Carrubo - Hotel Noto - Sicilia"},"image":{"@id":"https:\/\/masseria-del-carrubo.com\/fr\/#\/schema\/logo\/image\/"},"sameAs":["https:\/\/www.facebook.com\/Masseriedelcarruno","https:\/\/www.instagram.com\/masseriadelcarrubo\/"]}]}},"_links":{"self":[{"href":"https:\/\/masseria-del-carrubo.com\/fr\/wp-json\/wp\/v2\/pages\/965","targetHints":{"allow":["GET"]}}],"collection":[{"href":"https:\/\/masseria-del-carrubo.com\/fr\/wp-json\/wp\/v2\/pages"}],"about":[{"href":"https:\/\/masseria-del-carrubo.com\/fr\/wp-json\/wp\/v2\/types\/page"}],"author":[{"embeddable":true,"href":"https:\/\/masseria-del-carrubo.com\/fr\/wp-json\/wp\/v2\/users\/1"}],"replies":[{"embeddable":true,"href":"https:\/\/masseria-del-carrubo.com\/fr\/wp-json\/wp\/v2\/comments?post=965"}],"version-history":[{"count":23,"href":"https:\/\/masseria-del-carrubo.com\/fr\/wp-json\/wp\/v2\/pages\/965\/revisions"}],"predecessor-version":[{"id":1373,"href":"https:\/\/masseria-del-carrubo.com\/fr\/wp-json\/wp\/v2\/pages\/965\/revisions\/1373"}],"wp:attachment":[{"href":"https:\/\/masseria-del-carrubo.com\/fr\/wp-json\/wp\/v2\/media?parent=965"}],"curies":[{"name":"wp","href":"https:\/\/api.w.org\/{rel}","templated":true}]}}