{"id":1494,"date":"2025-07-25T23:17:52","date_gmt":"2025-07-25T21:17:52","guid":{"rendered":"https:\/\/masseria-del-carrubo.com\/?page_id=1494"},"modified":"2025-08-06T15:12:01","modified_gmt":"2025-08-06T13:12:01","slug":"esprit-de-famille","status":"publish","type":"page","link":"https:\/\/masseria-del-carrubo.com\/fr\/esprit-de-famille\/","title":{"rendered":"Esprit de famille"},"content":{"rendered":"<div class=\"wpb-content-wrapper\"><p>[vc_row][vc_column][vc_custom_heading text=\u00a0\u00bbEsprit de famille\u00a0\u00bb font_container=\u00a0\u00bbtag:h2|text_align:center|color:%23bc926c\u00a0\u00bb use_theme_fonts=\u00a0\u00bbyes\u00a0\u00bb css=\u00a0\u00bb\u00a0\u00bb][vc_custom_heading text=\u00a0\u00bbUne maison habit\u00e9e par le c\u0153ur et les racines\u00a0\u00bb font_container=\u00a0\u00bbtag:h5|text_align:center|color:%23bc926c\u00a0\u00bb use_theme_fonts=\u00a0\u00bbyes\u00a0\u00bb css=\u00a0\u00bb\u00a0\u00bb]<div class=\"ult-spacer spacer-69def73e0ccde\" data-id=\"69def73e0ccde\" data-height=\"25\" data-height-mobile=\"25\" data-height-tab=\"25\" data-height-tab-portrait=\"\" data-height-mobile-landscape=\"\" style=\"clear:both;display:block;\"><\/div>[vc_row_inner][vc_column_inner width=\u00a0\u00bb1\/4&Prime;][\/vc_column_inner][vc_column_inner width=\u00a0\u00bb1\/2&Prime;][vc_column_text css=\u00a0\u00bb\u00a0\u00bb]<\/p>\n<p style=\"text-align: center;\">\u00c0 la Masseria del Carrubo, tout est une affaire de c\u0153ur, de partage et de transmission. Plus qu\u2019un lieu de s\u00e9jour, notre h\u00f4tel est une maison de famille, port\u00e9e par l\u2019histoire de Rosario, son propri\u00e9taire, et anim\u00e9e par une \u00e9quipe soud\u00e9e qui partage les m\u00eames valeurs d\u2019authenticit\u00e9, de g\u00e9n\u00e9rosit\u00e9 et de convivialit\u00e9.<\/p>\n<p style=\"text-align: center;\">Ici, chaque visiteur est accueilli comme un invit\u00e9 de marque&#8230;et repart un peu comme un ami.<\/p>\n<p>[\/vc_column_text][\/vc_column_inner][vc_column_inner width=\u00a0\u00bb1\/4&Prime;][\/vc_column_inner][\/vc_row_inner]<div class=\"ult-spacer spacer-69def73e0ccfd\" data-id=\"69def73e0ccfd\" data-height=\"100\" data-height-mobile=\"50\" data-height-tab=\"\" data-height-tab-portrait=\"\" data-height-mobile-landscape=\"\" style=\"clear:both;display:block;\"><\/div>[\/vc_column][\/vc_row][vc_row][vc_column width=\u00a0\u00bb1\/2&Prime;][vc_single_image image=\u00a0\u00bb1529&Prime; img_size=\u00a0\u00bbfull\u00a0\u00bb alignment=\u00a0\u00bbcenter\u00a0\u00bb css=\u00a0\u00bb\u00a0\u00bb image_hovers=\u00a0\u00bbfalse\u00a0\u00bb]<div class=\"ult-spacer spacer-69def73e0cd0c\" data-id=\"69def73e0cd0c\" data-height=\"20\" data-height-mobile=\"20\" data-height-tab=\"20\" data-height-tab-portrait=\"\" data-height-mobile-landscape=\"\" style=\"clear:both;display:block;\"><\/div>[vc_custom_heading text=\u00a0\u00bbRosario, une histoire de racines\u00a0\u00bb font_container=\u00a0\u00bbtag:h3|text_align:left|color:%238c8178&Prime; use_theme_fonts=\u00a0\u00bbyes\u00a0\u00bb css=\u00a0\u00bb\u00a0\u00bb]<div class=\"ult-spacer spacer-69def73e0cd17\" data-id=\"69def73e0cd17\" data-height=\"10\" data-height-mobile=\"10\" data-height-tab=\"10\" data-height-tab-portrait=\"\" data-height-mobile-landscape=\"\" style=\"clear:both;display:block;\"><\/div>[vc_column_text css=\u00a0\u00bb\u00a0\u00bb]<\/p>\n<p style=\"text-align: left;\">Rosario est le visage et l\u2019\u00e2me de la Masseria del Carrubo. Fils d\u2019un producteur sicilien passionn\u00e9, il a grandi au milieu des caroubiers que son p\u00e8re cultivait avec soin. Ce dernier dirigeait une usine de transformation du caroube \u2013 il carrubo, cet arbre embl\u00e9matique de la M\u00e9diterran\u00e9e \u2013 transmettant \u00e0 Rosario non seulement le go\u00fbt de la terre, mais aussi celui du travail bien fait et de l\u2019accueil chaleureux.<\/p>\n<p style=\"text-align: left;\">Fid\u00e8le \u00e0 cet h\u00e9ritage, Rosario a imagin\u00e9 la Masseria comme un lieu de m\u00e9moire vivante, enracin\u00e9 dans la tradition mais ouvert \u00e0 la modernit\u00e9.<\/p>\n<p>[\/vc_column_text]<div class=\"ult-spacer spacer-69def73e0cd21\" data-id=\"69def73e0cd21\" data-height=\"100\" data-height-mobile=\"75\" data-height-tab=\"\" data-height-tab-portrait=\"\" data-height-mobile-landscape=\"\" style=\"clear:both;display:block;\"><\/div>[\/vc_column][vc_column width=\u00a0\u00bb1\/2&Prime;][vc_single_image image=\u00a0\u00bb1497&Prime; img_size=\u00a0\u00bb1000&#215;1000&Prime; alignment=\u00a0\u00bbcenter\u00a0\u00bb css=\u00a0\u00bb\u00a0\u00bb image_hovers=\u00a0\u00bbfalse\u00a0\u00bb]<div class=\"ult-spacer spacer-69def73e0cd2e\" data-id=\"69def73e0cd2e\" data-height=\"20\" data-height-mobile=\"20\" data-height-tab=\"20\" data-height-tab-portrait=\"\" data-height-mobile-landscape=\"\" style=\"clear:both;display:block;\"><\/div>[vc_custom_heading text=\u00a0\u00bbUne \u00e9quipe engag\u00e9e, unie par les m\u00eames valeurs\u00a0\u00bb font_container=\u00a0\u00bbtag:h3|text_align:left|color:%238c8178&Prime; use_theme_fonts=\u00a0\u00bbyes\u00a0\u00bb css=\u00a0\u00bb\u00a0\u00bb]<div class=\"ult-spacer spacer-69def73e0cd37\" data-id=\"69def73e0cd37\" data-height=\"10\" data-height-mobile=\"10\" data-height-tab=\"10\" data-height-tab-portrait=\"\" data-height-mobile-landscape=\"\" style=\"clear:both;display:block;\"><\/div>[vc_column_text css=\u00a0\u00bb\u00a0\u00bb]<\/p>\n<p style=\"text-align: left;\">\u00c0 ses c\u00f4t\u00e9s, une \u00e9quipe passionn\u00e9e et bienveillante veille chaque jour \u00e0 faire de votre s\u00e9jour un moment unique. Que ce soit au petit d\u00e9jeuner, au pool bar, dans les jardins ou en cuisine, chacun apporte sa personnalit\u00e9 et son savoir-faire, dans une ambiance conviviale et attentionn\u00e9e.<\/p>\n<p style=\"text-align: left;\">C\u2019est cette alchimie humaine, faite de sourires, de disponibilit\u00e9 et de simplicit\u00e9, qui donne \u00e0 la Masseria son \u00e2me si particuli\u00e8re.<\/p>\n<p>[\/vc_column_text]<div class=\"ult-spacer spacer-69def73e0cd41\" data-id=\"69def73e0cd41\" data-height=\"100\" data-height-mobile=\"75\" data-height-tab=\"\" data-height-tab-portrait=\"\" data-height-mobile-landscape=\"\" style=\"clear:both;display:block;\"><\/div>[\/vc_column][\/vc_row][vc_row full_width=\u00a0\u00bbstretch_row_content_no_spaces\u00a0\u00bb][vc_column width=\u00a0\u00bb1\/4&Prime;][vc_single_image image=\u00a0\u00bb1518&Prime; img_size=\u00a0\u00bbfull\u00a0\u00bb alignment=\u00a0\u00bbcenter\u00a0\u00bb css=\u00a0\u00bb\u00a0\u00bb][\/vc_column][vc_column width=\u00a0\u00bb1\/4&Prime;][vc_single_image image=\u00a0\u00bb1507&Prime; img_size=\u00a0\u00bbfull\u00a0\u00bb alignment=\u00a0\u00bbcenter\u00a0\u00bb css=\u00a0\u00bb\u00a0\u00bb][\/vc_column][vc_column width=\u00a0\u00bb1\/4&Prime;][vc_single_image image=\u00a0\u00bb1512&Prime; img_size=\u00a0\u00bbfull\u00a0\u00bb alignment=\u00a0\u00bbcenter\u00a0\u00bb css=\u00a0\u00bb\u00a0\u00bb][\/vc_column][vc_column width=\u00a0\u00bb1\/4&Prime;][vc_single_image image=\u00a0\u00bb1515&Prime; img_size=\u00a0\u00bbfull\u00a0\u00bb alignment=\u00a0\u00bbcenter\u00a0\u00bb css=\u00a0\u00bb\u00a0\u00bb][\/vc_column][\/vc_row][vc_row][vc_column]<div class=\"ult-spacer spacer-69def73e0cd4a\" data-id=\"69def73e0cd4a\" data-height=\"100\" data-height-mobile=\"50\" data-height-tab=\"\" data-height-tab-portrait=\"\" data-height-mobile-landscape=\"\" style=\"clear:both;display:block;\"><\/div>[\/vc_column][\/vc_row][vc_row full_width=\u00a0\u00bbstretch_row_content_no_spaces\u00a0\u00bb][vc_column]<div class=\"sbvcgmap-map-wrapper\" style=\"width:100%;height:500px\"><div class=\"sbvcgmap-map\" zoom=\"6\" maptype=\"ROADMAP\" panoramatogglebutton=\"no\" pancontrol=\"yes\" pancontrol_position=\"TOP_LEFT\" zoomcontrol=\"yes\" zoomcontrol_position=\"TOP_LEFT\" zoomcontrolstyle=\"DEFAULT\" maptypecontrol=\"yes\" maptypecontrol_position=\"TOP_RIGHT\" streetviewcontrol=\"no\" streetviewcontrol_position=\"TOP_LEFT\" overviewmapcontrol=\"yes\" overviewmapcontrolvisible=\"no\" maptypecontrolstyle=\"DEFAULT\" mapstyle=\"style-32\" weather=\"no\" traffic=\"no\" transit=\"no\" bicycle=\"no\" panoramio=\"no\" draggable=\"yes\" scrollwheel=\"no\" cplatitude=\"40.251484201429\" cplongitude=\"14.18601178025\" scalecontrol=\"yes\" searchtype=\"disabled\" searchradius=\"500\" searchiconanimation=\"NONE\" searchdirectiontext=\"\" reloadonresize=\"no\" clustering=\"no\" style=\"width:100%;height:500px\"><div class=\"sbvcgmap-marker\" data-lat=\"36.805116535314\" data-lng=\"14.9757099\" infowindow=\"no\" icon=\"https:\/\/masseria-del-carrubo.com\/wp-content\/uploads\/2022\/04\/pin-Masseria-del-Carrubo.png\" animation=\"NONE\" customstyles=\"no\" ><\/p>\n<p style=\"text-align: center;\"><strong><img loading=\"lazy\" decoding=\"async\" class=\"alignnone size-full wp-image-17\" src=\"https:\/\/masseria-del-carrubo.com\/wp-content\/uploads\/2022\/03\/Logo-Masseria-del-Carrubo-60.png\" alt=\"\" width=\"160\" height=\"60\" \/><\/strong><\/p>\n<p><\/div><\/div><\/div>[\/vc_column][\/vc_row]<\/p>\n<\/div>","protected":false},"excerpt":{"rendered":"<p>[vc_row][vc_column][vc_custom_heading text=\u00a0\u00bbEsprit de famille\u00a0\u00bb font_container=\u00a0\u00bbtag:h2|text_align:center|color:%23bc926c\u00a0\u00bb use_theme_fonts=\u00a0\u00bbyes\u00a0\u00bb css=\u00a0\u00bb\u00a0\u00bb][vc_custom_heading text=\u00a0\u00bbUne maison habit\u00e9e par le c\u0153ur et les racines\u00a0\u00bb font_container=\u00a0\u00bbtag:h5|text_align:center|color:%23bc926c\u00a0\u00bb use_theme_fonts=\u00a0\u00bbyes\u00a0\u00bb css=\u00a0\u00bb\u00a0\u00bb][vc_row_inner][vc_column_inner width=\u00a0\u00bb1\/4&Prime;][\/vc_column_inner][vc_column_inner width=\u00a0\u00bb1\/2&Prime;][vc_column_text css=\u00a0\u00bb\u00a0\u00bb] \u00c0 la Masseria del Carrubo, tout est une affaire de c\u0153ur, de partage et de transmission. Plus qu\u2019un lieu de s\u00e9jour, notre h\u00f4tel est une maison de famille, port\u00e9e par l\u2019histoire de Rosario,&hellip;<\/p>\n","protected":false},"author":1,"featured_media":0,"parent":0,"menu_order":999,"comment_status":"closed","ping_status":"closed","template":"","meta":{"footnotes":""},"class_list":["post-1494","page","type-page","status-publish","hentry","description-off"],"yoast_head":"<!-- This site is optimized with the Yoast SEO plugin v23.7 - https:\/\/yoast.com\/wordpress\/plugins\/seo\/ -->\n<title>Esprit de famille - Masseria del Carrubo - Hotel Noto - Sicilia<\/title>\n<meta name=\"robots\" content=\"index, follow, max-snippet:-1, max-image-preview:large, max-video-preview:-1\" \/>\n<link rel=\"canonical\" href=\"https:\/\/masseria-del-carrubo.com\/fr\/esprit-de-famille\/\" \/>\n<meta property=\"og:locale\" content=\"fr_FR\" \/>\n<meta property=\"og:type\" content=\"article\" \/>\n<meta property=\"og:title\" content=\"Esprit de famille - Masseria del Carrubo - Hotel Noto - Sicilia\" \/>\n<meta property=\"og:description\" content=\"[vc_row][vc_column][vc_custom_heading text=\u00a0\u00bbEsprit de famille\u00a0\u00bb font_container=\u00a0\u00bbtag:h2|text_align:center|color:%23bc926c\u00a0\u00bb use_theme_fonts=\u00a0\u00bbyes\u00a0\u00bb css=\u00a0\u00bb\u00a0\u00bb][vc_custom_heading text=\u00a0\u00bbUne maison habit\u00e9e par le c\u0153ur et les racines\u00a0\u00bb font_container=\u00a0\u00bbtag:h5|text_align:center|color:%23bc926c\u00a0\u00bb use_theme_fonts=\u00a0\u00bbyes\u00a0\u00bb css=\u00a0\u00bb\u00a0\u00bb][vc_row_inner][vc_column_inner width=\u00a0\u00bb1\/4&Prime;][\/vc_column_inner][vc_column_inner width=\u00a0\u00bb1\/2&Prime;][vc_column_text css=\u00a0\u00bb\u00a0\u00bb] \u00c0 la Masseria del Carrubo, tout est une affaire de c\u0153ur, de partage et de transmission. Plus qu\u2019un lieu de s\u00e9jour, notre h\u00f4tel est une maison de famille, port\u00e9e par l\u2019histoire de Rosario,&hellip;\" \/>\n<meta property=\"og:url\" content=\"https:\/\/masseria-del-carrubo.com\/fr\/esprit-de-famille\/\" \/>\n<meta property=\"og:site_name\" content=\"Masseria del Carrubo - Hotel Noto - Sicilia\" \/>\n<meta property=\"article:publisher\" content=\"https:\/\/www.facebook.com\/Masseriedelcarruno\" \/>\n<meta property=\"article:modified_time\" content=\"2025-08-06T13:12:01+00:00\" \/>\n<meta property=\"og:image\" content=\"https:\/\/masseria-del-carrubo.com\/wp-content\/uploads\/2022\/03\/Logo-Masseria-del-Carrubo-60.png\" \/>\n<meta name=\"twitter:card\" content=\"summary_large_image\" \/>\n<meta name=\"twitter:label1\" content=\"Dur\u00e9e de lecture estim\u00e9e\" \/>\n\t<meta name=\"twitter:data1\" content=\"4 minutes\" \/>\n<script type=\"application\/ld+json\" class=\"yoast-schema-graph\">{\"@context\":\"https:\/\/schema.org\",\"@graph\":[{\"@type\":\"WebPage\",\"@id\":\"https:\/\/masseria-del-carrubo.com\/fr\/esprit-de-famille\/\",\"url\":\"https:\/\/masseria-del-carrubo.com\/fr\/esprit-de-famille\/\",\"name\":\"Esprit de famille - Masseria del Carrubo - Hotel Noto - Sicilia\",\"isPartOf\":{\"@id\":\"https:\/\/masseria-del-carrubo.com\/fr\/#website\"},\"primaryImageOfPage\":{\"@id\":\"https:\/\/masseria-del-carrubo.com\/fr\/esprit-de-famille\/#primaryimage\"},\"image\":{\"@id\":\"https:\/\/masseria-del-carrubo.com\/fr\/esprit-de-famille\/#primaryimage\"},\"thumbnailUrl\":\"https:\/\/masseria-del-carrubo.com\/wp-content\/uploads\/2022\/03\/Logo-Masseria-del-Carrubo-60.png\",\"datePublished\":\"2025-07-25T21:17:52+00:00\",\"dateModified\":\"2025-08-06T13:12:01+00:00\",\"breadcrumb\":{\"@id\":\"https:\/\/masseria-del-carrubo.com\/fr\/esprit-de-famille\/#breadcrumb\"},\"inLanguage\":\"fr-FR\",\"potentialAction\":[{\"@type\":\"ReadAction\",\"target\":[\"https:\/\/masseria-del-carrubo.com\/fr\/esprit-de-famille\/\"]}]},{\"@type\":\"ImageObject\",\"inLanguage\":\"fr-FR\",\"@id\":\"https:\/\/masseria-del-carrubo.com\/fr\/esprit-de-famille\/#primaryimage\",\"url\":\"https:\/\/masseria-del-carrubo.com\/wp-content\/uploads\/2022\/03\/Logo-Masseria-del-Carrubo-60.png\",\"contentUrl\":\"https:\/\/masseria-del-carrubo.com\/wp-content\/uploads\/2022\/03\/Logo-Masseria-del-Carrubo-60.png\"},{\"@type\":\"BreadcrumbList\",\"@id\":\"https:\/\/masseria-del-carrubo.com\/fr\/esprit-de-famille\/#breadcrumb\",\"itemListElement\":[{\"@type\":\"ListItem\",\"position\":1,\"name\":\"Accueil\",\"item\":\"https:\/\/masseria-del-carrubo.com\/fr\/\"},{\"@type\":\"ListItem\",\"position\":2,\"name\":\"Esprit de famille\"}]},{\"@type\":\"WebSite\",\"@id\":\"https:\/\/masseria-del-carrubo.com\/fr\/#website\",\"url\":\"https:\/\/masseria-del-carrubo.com\/fr\/\",\"name\":\"Masseria del Carrubo - Hotel Noto - Sicilia\",\"description\":\"Un site d\u00e9velopp\u00e9 par PMT Hotels\",\"publisher\":{\"@id\":\"https:\/\/masseria-del-carrubo.com\/fr\/#organization\"},\"potentialAction\":[{\"@type\":\"SearchAction\",\"target\":{\"@type\":\"EntryPoint\",\"urlTemplate\":\"https:\/\/masseria-del-carrubo.com\/fr\/?s={search_term_string}\"},\"query-input\":{\"@type\":\"PropertyValueSpecification\",\"valueRequired\":true,\"valueName\":\"search_term_string\"}}],\"inLanguage\":\"fr-FR\"},{\"@type\":\"Organization\",\"@id\":\"https:\/\/masseria-del-carrubo.com\/fr\/#organization\",\"name\":\"Masseria del Carrubo - Hotel Noto - Sicilia\",\"url\":\"https:\/\/masseria-del-carrubo.com\/fr\/\",\"logo\":{\"@type\":\"ImageObject\",\"inLanguage\":\"fr-FR\",\"@id\":\"https:\/\/masseria-del-carrubo.com\/fr\/#\/schema\/logo\/image\/\",\"url\":\"https:\/\/masseria-del-carrubo.com\/wp-content\/uploads\/2022\/03\/Logo-Masseria-del-Carrubo-160.png\",\"contentUrl\":\"https:\/\/masseria-del-carrubo.com\/wp-content\/uploads\/2022\/03\/Logo-Masseria-del-Carrubo-160.png\",\"width\":425,\"height\":160,\"caption\":\"Masseria del Carrubo - Hotel Noto - Sicilia\"},\"image\":{\"@id\":\"https:\/\/masseria-del-carrubo.com\/fr\/#\/schema\/logo\/image\/\"},\"sameAs\":[\"https:\/\/www.facebook.com\/Masseriedelcarruno\",\"https:\/\/www.instagram.com\/masseriadelcarrubo\/\"]}]}<\/script>\n<!-- \/ Yoast SEO plugin. -->","yoast_head_json":{"title":"Esprit de famille - Masseria del Carrubo - Hotel Noto - Sicilia","robots":{"index":"index","follow":"follow","max-snippet":"max-snippet:-1","max-image-preview":"max-image-preview:large","max-video-preview":"max-video-preview:-1"},"canonical":"https:\/\/masseria-del-carrubo.com\/fr\/esprit-de-famille\/","og_locale":"fr_FR","og_type":"article","og_title":"Esprit de famille - Masseria del Carrubo - Hotel Noto - Sicilia","og_description":"[vc_row][vc_column][vc_custom_heading text=\u00a0\u00bbEsprit de famille\u00a0\u00bb font_container=\u00a0\u00bbtag:h2|text_align:center|color:%23bc926c\u00a0\u00bb use_theme_fonts=\u00a0\u00bbyes\u00a0\u00bb css=\u00a0\u00bb\u00a0\u00bb][vc_custom_heading text=\u00a0\u00bbUne maison habit\u00e9e par le c\u0153ur et les racines\u00a0\u00bb font_container=\u00a0\u00bbtag:h5|text_align:center|color:%23bc926c\u00a0\u00bb use_theme_fonts=\u00a0\u00bbyes\u00a0\u00bb css=\u00a0\u00bb\u00a0\u00bb][vc_row_inner][vc_column_inner width=\u00a0\u00bb1\/4&Prime;][\/vc_column_inner][vc_column_inner width=\u00a0\u00bb1\/2&Prime;][vc_column_text css=\u00a0\u00bb\u00a0\u00bb] \u00c0 la Masseria del Carrubo, tout est une affaire de c\u0153ur, de partage et de transmission. Plus qu\u2019un lieu de s\u00e9jour, notre h\u00f4tel est une maison de famille, port\u00e9e par l\u2019histoire de Rosario,&hellip;","og_url":"https:\/\/masseria-del-carrubo.com\/fr\/esprit-de-famille\/","og_site_name":"Masseria del Carrubo - Hotel Noto - Sicilia","article_publisher":"https:\/\/www.facebook.com\/Masseriedelcarruno","article_modified_time":"2025-08-06T13:12:01+00:00","og_image":[{"url":"https:\/\/masseria-del-carrubo.com\/wp-content\/uploads\/2022\/03\/Logo-Masseria-del-Carrubo-60.png"}],"twitter_card":"summary_large_image","twitter_misc":{"Dur\u00e9e de lecture estim\u00e9e":"4 minutes"},"schema":{"@context":"https:\/\/schema.org","@graph":[{"@type":"WebPage","@id":"https:\/\/masseria-del-carrubo.com\/fr\/esprit-de-famille\/","url":"https:\/\/masseria-del-carrubo.com\/fr\/esprit-de-famille\/","name":"Esprit de famille - Masseria del Carrubo - Hotel Noto - Sicilia","isPartOf":{"@id":"https:\/\/masseria-del-carrubo.com\/fr\/#website"},"primaryImageOfPage":{"@id":"https:\/\/masseria-del-carrubo.com\/fr\/esprit-de-famille\/#primaryimage"},"image":{"@id":"https:\/\/masseria-del-carrubo.com\/fr\/esprit-de-famille\/#primaryimage"},"thumbnailUrl":"https:\/\/masseria-del-carrubo.com\/wp-content\/uploads\/2022\/03\/Logo-Masseria-del-Carrubo-60.png","datePublished":"2025-07-25T21:17:52+00:00","dateModified":"2025-08-06T13:12:01+00:00","breadcrumb":{"@id":"https:\/\/masseria-del-carrubo.com\/fr\/esprit-de-famille\/#breadcrumb"},"inLanguage":"fr-FR","potentialAction":[{"@type":"ReadAction","target":["https:\/\/masseria-del-carrubo.com\/fr\/esprit-de-famille\/"]}]},{"@type":"ImageObject","inLanguage":"fr-FR","@id":"https:\/\/masseria-del-carrubo.com\/fr\/esprit-de-famille\/#primaryimage","url":"https:\/\/masseria-del-carrubo.com\/wp-content\/uploads\/2022\/03\/Logo-Masseria-del-Carrubo-60.png","contentUrl":"https:\/\/masseria-del-carrubo.com\/wp-content\/uploads\/2022\/03\/Logo-Masseria-del-Carrubo-60.png"},{"@type":"BreadcrumbList","@id":"https:\/\/masseria-del-carrubo.com\/fr\/esprit-de-famille\/#breadcrumb","itemListElement":[{"@type":"ListItem","position":1,"name":"Accueil","item":"https:\/\/masseria-del-carrubo.com\/fr\/"},{"@type":"ListItem","position":2,"name":"Esprit de famille"}]},{"@type":"WebSite","@id":"https:\/\/masseria-del-carrubo.com\/fr\/#website","url":"https:\/\/masseria-del-carrubo.com\/fr\/","name":"Masseria del Carrubo - Hotel Noto - Sicilia","description":"Un site d\u00e9velopp\u00e9 par PMT Hotels","publisher":{"@id":"https:\/\/masseria-del-carrubo.com\/fr\/#organization"},"potentialAction":[{"@type":"SearchAction","target":{"@type":"EntryPoint","urlTemplate":"https:\/\/masseria-del-carrubo.com\/fr\/?s={search_term_string}"},"query-input":{"@type":"PropertyValueSpecification","valueRequired":true,"valueName":"search_term_string"}}],"inLanguage":"fr-FR"},{"@type":"Organization","@id":"https:\/\/masseria-del-carrubo.com\/fr\/#organization","name":"Masseria del Carrubo - Hotel Noto - Sicilia","url":"https:\/\/masseria-del-carrubo.com\/fr\/","logo":{"@type":"ImageObject","inLanguage":"fr-FR","@id":"https:\/\/masseria-del-carrubo.com\/fr\/#\/schema\/logo\/image\/","url":"https:\/\/masseria-del-carrubo.com\/wp-content\/uploads\/2022\/03\/Logo-Masseria-del-Carrubo-160.png","contentUrl":"https:\/\/masseria-del-carrubo.com\/wp-content\/uploads\/2022\/03\/Logo-Masseria-del-Carrubo-160.png","width":425,"height":160,"caption":"Masseria del Carrubo - Hotel Noto - Sicilia"},"image":{"@id":"https:\/\/masseria-del-carrubo.com\/fr\/#\/schema\/logo\/image\/"},"sameAs":["https:\/\/www.facebook.com\/Masseriedelcarruno","https:\/\/www.instagram.com\/masseriadelcarrubo\/"]}]}},"_links":{"self":[{"href":"https:\/\/masseria-del-carrubo.com\/fr\/wp-json\/wp\/v2\/pages\/1494","targetHints":{"allow":["GET"]}}],"collection":[{"href":"https:\/\/masseria-del-carrubo.com\/fr\/wp-json\/wp\/v2\/pages"}],"about":[{"href":"https:\/\/masseria-del-carrubo.com\/fr\/wp-json\/wp\/v2\/types\/page"}],"author":[{"embeddable":true,"href":"https:\/\/masseria-del-carrubo.com\/fr\/wp-json\/wp\/v2\/users\/1"}],"replies":[{"embeddable":true,"href":"https:\/\/masseria-del-carrubo.com\/fr\/wp-json\/wp\/v2\/comments?post=1494"}],"version-history":[{"count":14,"href":"https:\/\/masseria-del-carrubo.com\/fr\/wp-json\/wp\/v2\/pages\/1494\/revisions"}],"predecessor-version":[{"id":1535,"href":"https:\/\/masseria-del-carrubo.com\/fr\/wp-json\/wp\/v2\/pages\/1494\/revisions\/1535"}],"wp:attachment":[{"href":"https:\/\/masseria-del-carrubo.com\/fr\/wp-json\/wp\/v2\/media?parent=1494"}],"curies":[{"name":"wp","href":"https:\/\/api.w.org\/{rel}","templated":true}]}}