{"id":1032,"date":"2022-03-15T14:00:25","date_gmt":"2022-03-15T13:00:25","guid":{"rendered":"https:\/\/masseria-del-carrubo.com\/politique-de-confidentialite\/"},"modified":"2022-06-03T10:41:12","modified_gmt":"2022-06-03T08:41:12","slug":"politique-de-confidentialite","status":"publish","type":"page","link":"https:\/\/masseria-del-carrubo.com\/fr\/politique-de-confidentialite\/","title":{"rendered":"Politique de confidentialit\u00e9"},"content":{"rendered":"<div class=\"wpb-content-wrapper\"><p>[vc_row][vc_column width=\u00a0\u00bb1\/6&Prime;][\/vc_column][vc_column width=\u00a0\u00bb2\/3&Prime;]<div class=\"ult-spacer spacer-69decfd895585\" data-id=\"69decfd895585\" data-height=\"50\" data-height-mobile=\"50\" data-height-tab=\"50\" data-height-tab-portrait=\"\" data-height-mobile-landscape=\"\" style=\"clear:both;display:block;\"><\/div>[vc_column_text]<\/p>\n<h3 class=\"wp-block-heading\"><strong>Politique de confidentialit\u00e9<\/strong><\/h3>\n\n<p>Nous vous remercions de votre visite sur notre site web et pour l\u2019int\u00e9r\u00eat que vous portez \u00e0 notre entreprise, nos produits et services. Dans ce cadre, nous respectons votre vie priv\u00e9e et assurons la protection de vos donn\u00e9es personnelles en les traitant conform\u00e9ment aux modalit\u00e9s de la pr\u00e9sente politique de confidentialit\u00e9 et aux lois applicables sur la protection des donn\u00e9es personnelles. Vous pouvez visiter nos sites web sans nous dire qui vous \u00eates. Afin d\u2019afficher nos pages web, vous devez seulement fournir les donn\u00e9es transmises par votre navigateur \u00e0 notre serveur. Les autres donn\u00e9es personnelles vous concernant ne seront stock\u00e9es que si vous les indiquez volontairement sur le site web ou si vous utilisez les fonctionnalit\u00e9s correspondantes, par exemple lorsque vous renseignez notre formulaire de contact ou que vous vous inscrivez \u00e0 notre newsletter.<\/p>\n\n<p>&nbsp;<\/p>\n\n<h3 class=\"wp-block-heading\"><strong>Newsletter<\/strong><\/h3>\n\n<p>Si vous vous abonnez \u00e0 notre newsletter \u00e9lectronique, vous consentez au stockage de votre nom et de votre adresse e-mail pour l\u2019envoi de la newsletter (article 6, paragraphe 1, phrase 1 du RGPD). Il n\u2019y a pas de transfert de ces donn\u00e9es \u00e0 des tiers. Il est possible de r\u00e9silier votre abonnement \u00e0 notre newsletter \u00e0 tout moment pour l\u2019avenir (note dans la newsletter). <strong> <\/strong><\/p>\n\n<p>&nbsp;<\/p>\n\n<h3 class=\"wp-block-heading\"><strong>R\u00e9servations et commandes, compte client<\/strong><\/h3>\n\n<p>Pour effectuer une r\u00e9servation ou une commande, vous devez entrer les informations demand\u00e9es dans le formulaire correspondant. Celles-ci sont obligatoires. Nous traitons ces donn\u00e9es dans le but d\u2019ex\u00e9cuter votre commande et pour pouvoir communiquer avec vous (article 6, paragraphe 1, page 1), lettre b du RGPD). Le num\u00e9ro de t\u00e9l\u00e9phone est important pour le processus de commande en cas de questions sur celle-ci. Pour simplifier les futures r\u00e9servations ou commandes, vous pouvez cr\u00e9er un compte client chez nous. Dans ce cas, nous stockons ces informations dans le but de faciliter les futures r\u00e9servations ou commandes. Vous pouvez supprimer votre compte utilisateur \u00e0 tout moment en nous contactant par le biais des formulaires disponibles en pied de page \u201cMentions l\u00e9gales &amp; Confidentialit\u00e9\u201d. Sinon, nous supprimerons vos donn\u00e9es apr\u00e8s le traitement complet du contrat et l\u2019expiration des p\u00e9riodes de retenue fiscale et commerciale.<\/p>\n\n<p>&nbsp;<\/p>\n\n<h3 class=\"wp-block-heading\"><strong>Liens sur les plateformes des r\u00e9seaux sociaux<\/strong><\/h3>\n\n<p>Notre site web fait r\u00e9f\u00e9rence \u00e0 nos pages sur diverses plateformes de r\u00e9seaux sociaux. Sachez qu\u2019en cliquant sur ces liens, vous quittez notre site web et \u00e9galement la port\u00e9e de cette politique de confidentialit\u00e9. Sur les plateformes de r\u00e9seaux sociaux, seules s\u2019appliquent les d\u00e9clarations de confidentialit\u00e9 et les conditions d\u2019utilisation respectives de l\u2019op\u00e9rateur de la plate-forme des r\u00e9seaux sociaux. <strong> <\/strong><\/p>\n\n<p>&nbsp;<\/p>\n\n<h3 class=\"wp-block-heading\"><strong>Plugins des r\u00e9seaux sociaux<\/strong><\/h3>\n\n<p>Nous utilisons les plugins des r\u00e9seaux sociaux suivants: Instagram et Facebook. Ce n\u2019est qu\u2019en cliquant sur le bouton que le contenu du plugin sera transmis \u00e0 l\u2019op\u00e9rateur respectif de la plateforme des r\u00e9seaux sociaux. Nous n\u2019avons aucun contr\u00f4le sur les donn\u00e9es collect\u00e9es et les op\u00e9rations de traitement des donn\u00e9es, et nous ne connaissons pas l\u2019\u00e9tendue de la collecte de donn\u00e9es, les finalit\u00e9s ni les p\u00e9riodes de conservation. D\u2019apr\u00e8s ce que nous savons, les donn\u00e9es transmises sont l\u2019URL de la page visit\u00e9e et l\u2019adresse IP que vous avez utilis\u00e9e et \/ ou un autre identifiant d\u00e9pendant de la plateforme. Si vous \u00eates en m\u00eame temps connect\u00e9 sur la plate-forme des r\u00e9seaux sociaux correspondante, l\u2019op\u00e9rateur respectif peut attribuer la visite de ces sites web \u00e0 votre compte d\u2019utilisateur. Les plug-ins nous permettent d\u2019interagir avec les r\u00e9seaux sociaux et d\u2019autres utilisateurs afin que nous puissions am\u00e9liorer notre offre et la rendre plus int\u00e9ressante pour vous en tant qu\u2019utilisateur. Le texte juridique \u00e0 la base de l\u2019utilisation des plug-ins est l\u2019article 6, paragraphe 1, phrase 1, lettre f du RGPD. Pour conna\u00eetre la finalit\u00e9 et la port\u00e9e de la collecte de donn\u00e9es par l\u2019op\u00e9rateur de la plate-forme des r\u00e9seaux sociaux et le traitement et l\u2019utilisation des donn\u00e9es par l\u2019op\u00e9rateur ainsi que vos droits et param\u00e8tres pour prot\u00e9ger votre vie priv\u00e9e, veuillez consulter la politique de confidentialit\u00e9 de l\u2019op\u00e9rateur.<\/p>\n\n<p>&nbsp;<\/p>\n\n<ul class=\"wp-block-list\">\n<li>Facebook Inc., 1601 S California Ave, Palo Alto, California 94304, USA; <a href=\"http:\/\/www.facebook.com\/policy.php\">http:\/\/www.facebook.com\/policy.php. <\/a>Facebook est certifi\u00e9 conforme au dispositif du Privacy Shield EU-US.<\/li>\n<\/ul>\n\n<p>&nbsp;<\/p>\n\n<h3 class=\"wp-block-heading\"><strong>Livechat<\/strong><\/h3>\n\n<p>Vous comprenez \/ acceptez que vos donn\u00e9es personnelles soient trait\u00e9es et transmises conform\u00e9ment au r\u00e8glement (UE) 2016\/679 du Parlement et du Conseil Europ\u00e9ens du 27 avril 2016 relatif \u00e0 la protection des personnes physiques sur le traitement des donn\u00e9es personnelles et \u00e0 la libre circulation de ces donn\u00e9es et abrogeant la directive 95\/46\/CE (r\u00e8glement g\u00e9n\u00e9ral sur la protection des donn\u00e9es).<\/p>\n\n<p>&nbsp;<\/p>\n\n<h3 class=\"wp-block-heading\"><strong>Logfiles<\/strong><\/h3>\n\n<p>Chaque fois que vous acc\u00e9dez \u00e0 notre site, nous collectons les informations suivantes concernant votre ordinateur : l\u2019adresse IP de votre ordinateur, la requ\u00eate de votre navigateur et l\u2019heure de cette demande. Il enregistre \u00e9galement le statut et la quantit\u00e9 de donn\u00e9es transf\u00e9r\u00e9es dans le cadre de cette demande, ainsi que des informations sur le produit et la version de votre navigateur et le syst\u00e8me d\u2019exploitation de votre ordinateur. Nous gardons aussi la trace des sites web qui ont r\u00e9ussi \u00e0 acc\u00e9der \u00e0 notre site. L\u2019adresse IP de votre ordinateur est stock\u00e9e uniquement pour le moment de votre utilisation du site web, puis imm\u00e9diatement supprim\u00e9e ou anonymis\u00e9e par raccourcissement. Les donn\u00e9es restantes sont stock\u00e9es pendant une p\u00e9riode de temps limit\u00e9e. Nous utilisons ces donn\u00e9es pour le fonctionnement de notre site web, en particulier pour d\u00e9tecter et \u00e9liminer les erreurs de site web, pour d\u00e9terminer l\u2019utilisation du site et apporter des ajustements ou des am\u00e9liorations (texte juridique de base : article 6, paragraphe 1, phrase 1 du RGPD).<\/p>\n\n<p>&nbsp;<\/p>\n\n<h3 class=\"wp-block-heading\"><strong>Contenu int\u00e9gr\u00e9 provenant de tiers (par exemple Google Maps, YouTube, etc.)<\/strong><\/h3>\n\n<p>Dans la mesure o\u00f9 les contenus d\u2019op\u00e9rateurs tiers tels que Google Maps et YouTube sont pr\u00e9sent\u00e9s sur notre site, votre adresse IP et le contenu de l\u2019op\u00e9rateur tiers vis\u00e9 \u00e0 la rubrique \u00ab Logfiles \u00bb est n\u00e9cessaire pour fournir le contenu et l\u2019afficher dans le navigateur. Nous n\u2019avons aucune influence sur le traitement des donn\u00e9es par l\u2019op\u00e9rateur tiers. Si vous \u00eates connect\u00e9 \u00e0 un op\u00e9rateur tiers avec un compte d\u2019utilisateur, l\u2018op\u00e9rateur tiers peut affecter votre comportement d\u2019utilisateur \u00e0 votre compte d\u2019utilisateur. Si n\u00e9cessaire, l\u2018op\u00e9rateur tiers stocke vos donn\u00e9es en tant que profils d\u2019utilisation et les utilise \u00e0 des fins de publicit\u00e9, d\u2019\u00e9tude de march\u00e9 et \/ ou de personnalisation de son site web. Les droits d\u2019opposition \u00e0 la formation de ces profils d\u2019utilisateurs doivent \u00eatre adress\u00e9s \u00e0 l\u2018op\u00e9rateur tiers. Pour plus d\u2019informations sur la finalit\u00e9 et la port\u00e9e de la collecte de donn\u00e9es et de leur traitement par l\u2018op\u00e9rateur tiers, veuillez vous reporter \u00e0 sa politique de confidentialit\u00e9. Vous y trouverez \u00e9galement de plus amples informations sur vos droits et options de param\u00e8tres pour la protection de votre vie priv\u00e9e :<\/p>\n\n<p>&nbsp;<\/p>\n\n<ul class=\"wp-block-list\">\n<li>Google Inc., 1600 Amphitheater Parkway, Mountainview, California 94043, USA; <a href=\"https:\/\/www.google.com\/policies\/privacy\/partners\/?hl=de\">https:\/\/www.google.com\/policies\/privacy\/partners\/?hl=de<\/a>. Google est certifi\u00e9 conforme au dispositif du Privacy Shield EU-US.<\/li>\n<li>Youtube, LL.C., 901 Cherry Avenue, Second Floor, San Bruno, CA 94066, USA; <a href=\"https:\/\/www.google.com\/policies\/privacy\/partners\/?hl=de\">https:\/\/www.google.com\/policies\/privacy\/partners\/?hl=de<\/a>. YouTube est certifi\u00e9 conforme au dispositif du Privacy Shield EU-US.<\/li>\n<\/ul>\n\n<p>&nbsp;<\/p>\n\n<h3 class=\"wp-block-heading\"><strong>Annulation du consentement et opposition au traitement des donn\u00e9es<\/strong><\/h3>\n\n<p>Si vous nous avez donn\u00e9 votre consentement, vous pouvez le retirer \u00e0 tout moment avec effet pour le futur. Dans la mesure o\u00f9 nous basons le traitement de vos donn\u00e9es personnelles sur la comparaison avec vos int\u00e9r\u00eats, vous pouvez vous opposer \u00e0 leur traitement. Dans le cas d\u2019un tel d\u00e9saccord, nous vous demandons d\u2019expliquer les raisons pour lesquelles nous ne devrions pas traiter vos donn\u00e9es personnelles comme nous l\u2019avons fait. Si votre objection est justifi\u00e9e, nous examinerons la situation et nous arr\u00eaterons ou adapterons le traitement des donn\u00e9es ou nous vous signalerons nos raisons l\u00e9gitimes pour lesquelles nous continuons le traitement. Vous pouvez vous opposer au traitement de vos donn\u00e9es personnelles \u00e0 des fins de publicit\u00e9 et d\u2019analyse de donn\u00e9es \u00e0 tout moment. Vous pouvez envoyer votre annulation ou opposition aux coordonn\u00e9es indiqu\u00e9es sous la rubrique \u00ab Responsable de la protection des donn\u00e9es \u00bb. <strong> <\/strong><\/p>\n\n<p>&nbsp;<\/p>\n\n<h3 class=\"wp-block-heading\"><strong>Vos droits<\/strong><\/h3>\n\n<p>Vous disposez des droits suivants en ce qui concerne les donn\u00e9es personnelles vous concernant :<\/p>\n\n<p>&nbsp;<\/p>\n\n<ul class=\"wp-block-list\">\n<li>Droit \u00e0 l\u2019information<\/li>\n<li>Droit de rectification ou d\u2019annulation<\/li>\n<li>Droit \u00e0 la restriction du traitement<\/li>\n<li>Droit de s\u2019opposer au traitement<\/li>\n<li>Droit \u00e0 la portabilit\u00e9 des donn\u00e9es.<\/li>\n<\/ul>\n\n<p>Vous avez \u00e9galement le droit de vous plaindre du traitement de vos donn\u00e9es personnelles par une autorit\u00e9 de surveillance de la protection des donn\u00e9es.<\/p>\n\n<p>&nbsp;<\/p>\n\n<h3 class=\"wp-block-heading\"><strong>Responsable de la protection des donn\u00e9es<\/strong><\/h3>\n\n<p>Responsable de la protection des donn\u00e9es : info@masseria-del-carrubo.com ou \u00e0 notre adresse postale en ajoutant \u00ab Au responsable de la protection des donn\u00e9es \u00bb.<\/p>\n\n<p>&nbsp;<\/p>\n<p>[\/vc_column_text][\/vc_column][vc_column width=\u00a0\u00bb1\/6&Prime;][\/vc_column][\/vc_row]<\/p><\/div>","protected":false},"excerpt":{"rendered":"<p>[vc_row][vc_column width=\u00a0\u00bb1\/6&Prime;][\/vc_column][vc_column width=\u00a0\u00bb2\/3&Prime;][vc_column_text] Politique de confidentialit\u00e9 Nous vous remercions de votre visite sur notre site web et pour l\u2019int\u00e9r\u00eat que vous portez \u00e0 notre entreprise, nos produits et services. Dans ce cadre, nous respectons votre vie priv\u00e9e et assurons la protection de vos donn\u00e9es personnelles en les traitant conform\u00e9ment aux modalit\u00e9s de la pr\u00e9sente politique&hellip;<\/p>\n","protected":false},"author":1,"featured_media":0,"parent":0,"menu_order":99,"comment_status":"closed","ping_status":"closed","template":"","meta":{"footnotes":""},"class_list":["post-1032","page","type-page","status-publish","hentry","description-off"],"yoast_head":"<!-- This site is optimized with the Yoast SEO plugin v23.7 - https:\/\/yoast.com\/wordpress\/plugins\/seo\/ -->\n<title>Politique de confidentialit\u00e9 - Masseria del Carrubo - Hotel Noto - Sicilia<\/title>\n<meta name=\"robots\" content=\"index, follow, max-snippet:-1, max-image-preview:large, max-video-preview:-1\" \/>\n<link rel=\"canonical\" href=\"https:\/\/masseria-del-carrubo.com\/fr\/politique-de-confidentialite\/\" \/>\n<meta property=\"og:locale\" content=\"fr_FR\" \/>\n<meta property=\"og:type\" content=\"article\" \/>\n<meta property=\"og:title\" content=\"Politique de confidentialit\u00e9 - Masseria del Carrubo - Hotel Noto - Sicilia\" \/>\n<meta property=\"og:description\" content=\"[vc_row][vc_column width=\u00a0\u00bb1\/6&Prime;][\/vc_column][vc_column width=\u00a0\u00bb2\/3&Prime;][vc_column_text] Politique de confidentialit\u00e9 Nous vous remercions de votre visite sur notre site web et pour l\u2019int\u00e9r\u00eat que vous portez \u00e0 notre entreprise, nos produits et services. Dans ce cadre, nous respectons votre vie priv\u00e9e et assurons la protection de vos donn\u00e9es personnelles en les traitant conform\u00e9ment aux modalit\u00e9s de la pr\u00e9sente politique&hellip;\" \/>\n<meta property=\"og:url\" content=\"https:\/\/masseria-del-carrubo.com\/fr\/politique-de-confidentialite\/\" \/>\n<meta property=\"og:site_name\" content=\"Masseria del Carrubo - Hotel Noto - Sicilia\" \/>\n<meta property=\"article:publisher\" content=\"https:\/\/www.facebook.com\/Masseriedelcarruno\" \/>\n<meta property=\"article:modified_time\" content=\"2022-06-03T08:41:12+00:00\" \/>\n<meta name=\"twitter:card\" content=\"summary_large_image\" \/>\n<meta name=\"twitter:label1\" content=\"Dur\u00e9e de lecture estim\u00e9e\" \/>\n\t<meta name=\"twitter:data1\" content=\"8 minutes\" \/>\n<script type=\"application\/ld+json\" class=\"yoast-schema-graph\">{\"@context\":\"https:\/\/schema.org\",\"@graph\":[{\"@type\":\"WebPage\",\"@id\":\"https:\/\/masseria-del-carrubo.com\/fr\/politique-de-confidentialite\/\",\"url\":\"https:\/\/masseria-del-carrubo.com\/fr\/politique-de-confidentialite\/\",\"name\":\"Politique de confidentialit\u00e9 - Masseria del Carrubo - Hotel Noto - Sicilia\",\"isPartOf\":{\"@id\":\"https:\/\/masseria-del-carrubo.com\/fr\/#website\"},\"datePublished\":\"2022-03-15T13:00:25+00:00\",\"dateModified\":\"2022-06-03T08:41:12+00:00\",\"breadcrumb\":{\"@id\":\"https:\/\/masseria-del-carrubo.com\/fr\/politique-de-confidentialite\/#breadcrumb\"},\"inLanguage\":\"fr-FR\",\"potentialAction\":[{\"@type\":\"ReadAction\",\"target\":[\"https:\/\/masseria-del-carrubo.com\/fr\/politique-de-confidentialite\/\"]}]},{\"@type\":\"BreadcrumbList\",\"@id\":\"https:\/\/masseria-del-carrubo.com\/fr\/politique-de-confidentialite\/#breadcrumb\",\"itemListElement\":[{\"@type\":\"ListItem\",\"position\":1,\"name\":\"Accueil\",\"item\":\"https:\/\/masseria-del-carrubo.com\/fr\/\"},{\"@type\":\"ListItem\",\"position\":2,\"name\":\"Politique de confidentialit\u00e9\"}]},{\"@type\":\"WebSite\",\"@id\":\"https:\/\/masseria-del-carrubo.com\/fr\/#website\",\"url\":\"https:\/\/masseria-del-carrubo.com\/fr\/\",\"name\":\"Masseria del Carrubo - Hotel Noto - Sicilia\",\"description\":\"Un site d\u00e9velopp\u00e9 par PMT Hotels\",\"publisher\":{\"@id\":\"https:\/\/masseria-del-carrubo.com\/fr\/#organization\"},\"potentialAction\":[{\"@type\":\"SearchAction\",\"target\":{\"@type\":\"EntryPoint\",\"urlTemplate\":\"https:\/\/masseria-del-carrubo.com\/fr\/?s={search_term_string}\"},\"query-input\":{\"@type\":\"PropertyValueSpecification\",\"valueRequired\":true,\"valueName\":\"search_term_string\"}}],\"inLanguage\":\"fr-FR\"},{\"@type\":\"Organization\",\"@id\":\"https:\/\/masseria-del-carrubo.com\/fr\/#organization\",\"name\":\"Masseria del Carrubo - Hotel Noto - Sicilia\",\"url\":\"https:\/\/masseria-del-carrubo.com\/fr\/\",\"logo\":{\"@type\":\"ImageObject\",\"inLanguage\":\"fr-FR\",\"@id\":\"https:\/\/masseria-del-carrubo.com\/fr\/#\/schema\/logo\/image\/\",\"url\":\"https:\/\/masseria-del-carrubo.com\/wp-content\/uploads\/2022\/03\/Logo-Masseria-del-Carrubo-160.png\",\"contentUrl\":\"https:\/\/masseria-del-carrubo.com\/wp-content\/uploads\/2022\/03\/Logo-Masseria-del-Carrubo-160.png\",\"width\":425,\"height\":160,\"caption\":\"Masseria del Carrubo - Hotel Noto - Sicilia\"},\"image\":{\"@id\":\"https:\/\/masseria-del-carrubo.com\/fr\/#\/schema\/logo\/image\/\"},\"sameAs\":[\"https:\/\/www.facebook.com\/Masseriedelcarruno\",\"https:\/\/www.instagram.com\/masseriadelcarrubo\/\"]}]}<\/script>\n<!-- \/ Yoast SEO plugin. -->","yoast_head_json":{"title":"Politique de confidentialit\u00e9 - Masseria del Carrubo - Hotel Noto - Sicilia","robots":{"index":"index","follow":"follow","max-snippet":"max-snippet:-1","max-image-preview":"max-image-preview:large","max-video-preview":"max-video-preview:-1"},"canonical":"https:\/\/masseria-del-carrubo.com\/fr\/politique-de-confidentialite\/","og_locale":"fr_FR","og_type":"article","og_title":"Politique de confidentialit\u00e9 - Masseria del Carrubo - Hotel Noto - Sicilia","og_description":"[vc_row][vc_column width=\u00a0\u00bb1\/6&Prime;][\/vc_column][vc_column width=\u00a0\u00bb2\/3&Prime;][vc_column_text] Politique de confidentialit\u00e9 Nous vous remercions de votre visite sur notre site web et pour l\u2019int\u00e9r\u00eat que vous portez \u00e0 notre entreprise, nos produits et services. Dans ce cadre, nous respectons votre vie priv\u00e9e et assurons la protection de vos donn\u00e9es personnelles en les traitant conform\u00e9ment aux modalit\u00e9s de la pr\u00e9sente politique&hellip;","og_url":"https:\/\/masseria-del-carrubo.com\/fr\/politique-de-confidentialite\/","og_site_name":"Masseria del Carrubo - Hotel Noto - Sicilia","article_publisher":"https:\/\/www.facebook.com\/Masseriedelcarruno","article_modified_time":"2022-06-03T08:41:12+00:00","twitter_card":"summary_large_image","twitter_misc":{"Dur\u00e9e de lecture estim\u00e9e":"8 minutes"},"schema":{"@context":"https:\/\/schema.org","@graph":[{"@type":"WebPage","@id":"https:\/\/masseria-del-carrubo.com\/fr\/politique-de-confidentialite\/","url":"https:\/\/masseria-del-carrubo.com\/fr\/politique-de-confidentialite\/","name":"Politique de confidentialit\u00e9 - Masseria del Carrubo - Hotel Noto - Sicilia","isPartOf":{"@id":"https:\/\/masseria-del-carrubo.com\/fr\/#website"},"datePublished":"2022-03-15T13:00:25+00:00","dateModified":"2022-06-03T08:41:12+00:00","breadcrumb":{"@id":"https:\/\/masseria-del-carrubo.com\/fr\/politique-de-confidentialite\/#breadcrumb"},"inLanguage":"fr-FR","potentialAction":[{"@type":"ReadAction","target":["https:\/\/masseria-del-carrubo.com\/fr\/politique-de-confidentialite\/"]}]},{"@type":"BreadcrumbList","@id":"https:\/\/masseria-del-carrubo.com\/fr\/politique-de-confidentialite\/#breadcrumb","itemListElement":[{"@type":"ListItem","position":1,"name":"Accueil","item":"https:\/\/masseria-del-carrubo.com\/fr\/"},{"@type":"ListItem","position":2,"name":"Politique de confidentialit\u00e9"}]},{"@type":"WebSite","@id":"https:\/\/masseria-del-carrubo.com\/fr\/#website","url":"https:\/\/masseria-del-carrubo.com\/fr\/","name":"Masseria del Carrubo - Hotel Noto - Sicilia","description":"Un site d\u00e9velopp\u00e9 par PMT Hotels","publisher":{"@id":"https:\/\/masseria-del-carrubo.com\/fr\/#organization"},"potentialAction":[{"@type":"SearchAction","target":{"@type":"EntryPoint","urlTemplate":"https:\/\/masseria-del-carrubo.com\/fr\/?s={search_term_string}"},"query-input":{"@type":"PropertyValueSpecification","valueRequired":true,"valueName":"search_term_string"}}],"inLanguage":"fr-FR"},{"@type":"Organization","@id":"https:\/\/masseria-del-carrubo.com\/fr\/#organization","name":"Masseria del Carrubo - Hotel Noto - Sicilia","url":"https:\/\/masseria-del-carrubo.com\/fr\/","logo":{"@type":"ImageObject","inLanguage":"fr-FR","@id":"https:\/\/masseria-del-carrubo.com\/fr\/#\/schema\/logo\/image\/","url":"https:\/\/masseria-del-carrubo.com\/wp-content\/uploads\/2022\/03\/Logo-Masseria-del-Carrubo-160.png","contentUrl":"https:\/\/masseria-del-carrubo.com\/wp-content\/uploads\/2022\/03\/Logo-Masseria-del-Carrubo-160.png","width":425,"height":160,"caption":"Masseria del Carrubo - Hotel Noto - Sicilia"},"image":{"@id":"https:\/\/masseria-del-carrubo.com\/fr\/#\/schema\/logo\/image\/"},"sameAs":["https:\/\/www.facebook.com\/Masseriedelcarruno","https:\/\/www.instagram.com\/masseriadelcarrubo\/"]}]}},"_links":{"self":[{"href":"https:\/\/masseria-del-carrubo.com\/fr\/wp-json\/wp\/v2\/pages\/1032","targetHints":{"allow":["GET"]}}],"collection":[{"href":"https:\/\/masseria-del-carrubo.com\/fr\/wp-json\/wp\/v2\/pages"}],"about":[{"href":"https:\/\/masseria-del-carrubo.com\/fr\/wp-json\/wp\/v2\/types\/page"}],"author":[{"embeddable":true,"href":"https:\/\/masseria-del-carrubo.com\/fr\/wp-json\/wp\/v2\/users\/1"}],"replies":[{"embeddable":true,"href":"https:\/\/masseria-del-carrubo.com\/fr\/wp-json\/wp\/v2\/comments?post=1032"}],"version-history":[{"count":1,"href":"https:\/\/masseria-del-carrubo.com\/fr\/wp-json\/wp\/v2\/pages\/1032\/revisions"}],"predecessor-version":[{"id":1034,"href":"https:\/\/masseria-del-carrubo.com\/fr\/wp-json\/wp\/v2\/pages\/1032\/revisions\/1034"}],"wp:attachment":[{"href":"https:\/\/masseria-del-carrubo.com\/fr\/wp-json\/wp\/v2\/media?parent=1032"}],"curies":[{"name":"wp","href":"https:\/\/api.w.org\/{rel}","templated":true}]}}