{"id":1028,"date":"2022-06-03T10:24:33","date_gmt":"2022-06-03T08:24:33","guid":{"rendered":"https:\/\/masseria-del-carrubo.com\/?page_id=1028"},"modified":"2025-05-16T13:55:21","modified_gmt":"2025-05-16T11:55:21","slug":"mentions-legales","status":"publish","type":"page","link":"https:\/\/masseria-del-carrubo.com\/fr\/mentions-legales\/","title":{"rendered":"Mentions l\u00e9gales"},"content":{"rendered":"<div class=\"wpb-content-wrapper\"><p>[vc_row][vc_column width=\u00a0\u00bb1\/6&Prime;][\/vc_column][vc_column width=\u00a0\u00bb2\/3&Prime;]<div class=\"ult-spacer spacer-69df03e0b0acd\" data-id=\"69df03e0b0acd\" data-height=\"50\" data-height-mobile=\"50\" data-height-tab=\"50\" data-height-tab-portrait=\"\" data-height-mobile-landscape=\"\" style=\"clear:both;display:block;\"><\/div>[vc_column_text css=\u00a0\u00bb\u00a0\u00bb]<\/p>\n<div class=\"wpb_text_column wpb_content_element \">\n<div class=\"wpb_wrapper\">\n<h3>Masseria del Carrubo<\/h3>\n<p>Contrada Casale S.P. 26 CAP 9601<br \/>\nNoto, Italie<br \/>\n+39 393 833 6595<\/p>\n<p>D\u00e9nomination sociale : CASALE RIZZONI<br \/>\nP. IVA 01511030890 &#8211; Cod. Unico M5UXCRI<\/p>\n<\/div>\n<\/div>\n<div class=\"ult-spacer spacer-61715658bc5c0\" data-id=\"61715658bc5c0\" data-height=\"50\" data-height-mobile=\"50\" data-height-tab=\"50\" data-height-tab-portrait=\"\" data-height-mobile-landscape=\"\"><\/div>\n<div class=\"wpb_text_column wpb_content_element \">\n<div class=\"wpb_wrapper\">\n<h3>Directeur de publication<\/h3>\n<p>B\u00e9n\u00e9dicte Ciscato et Rosario Gennaro<\/p>\n<\/div>\n<\/div>\n<div class=\"ult-spacer spacer-61715658bc68b\" data-id=\"61715658bc68b\" data-height=\"50\" data-height-mobile=\"50\" data-height-tab=\"50\" data-height-tab-portrait=\"\" data-height-mobile-landscape=\"\"><\/div>\n<div class=\"wpb_text_column wpb_content_element \">\n<div class=\"wpb_wrapper\">\n<h3>H\u00e9bergement :<\/h3>\n<p>SAS OVH au capital de 10 069 020 \u20ac<br \/>\nRCS Lille M\u00e9tropole 424 761 419 00045<br \/>\nCode APE 2620Z<br \/>\nSi\u00e8ge social : 2 rue Kellermann \u2013 59100 Roubaix \u2013 France<\/p>\n<\/div>\n<\/div>\n<div class=\"ult-spacer spacer-61715658bc757\" data-id=\"61715658bc757\" data-height=\"25\" data-height-mobile=\"25\" data-height-tab=\"25\" data-height-tab-portrait=\"\" data-height-mobile-landscape=\"\"><\/div>\n<div class=\"wpb_text_column wpb_content_element \">\n<div class=\"wpb_wrapper\">\n<h3>Droits de reproduction :<\/h3>\n<p>Tous les textes, commentaires, illustrations et images reproduits sur ce site internet sont r\u00e9serv\u00e9s au titre du droit d\u2019auteur ainsi qu\u2019au titre de la propri\u00e9t\u00e9 intellectuelle et pour le monde entier. \u00c0 ce titre et conform\u00e9ment aux dispositions du code de la propri\u00e9t\u00e9 intellectuelle, seule l\u2019utilisation pour un usage priv\u00e9 sous r\u00e9serve de dispositions diff\u00e9rentes voire plus restrictives du code de la propri\u00e9t\u00e9 intellectuelle est autoris\u00e9e. Toute reproduction totale ou partielle du site est strictement interdite.<\/p>\n<\/div>\n<\/div>\n<div class=\"ult-spacer spacer-61715658bc81b\" data-id=\"61715658bc81b\" data-height=\"25\" data-height-mobile=\"25\" data-height-tab=\"25\" data-height-tab-portrait=\"\" data-height-mobile-landscape=\"\"><\/div>\n<div class=\"wpb_text_column wpb_content_element \">\n<div class=\"wpb_wrapper\">\n<h3>Webmaster :<\/h3>\n<p><a title=\"Site Internet de PMT Hotels - Conseil et d\u00e9veloppement de sites internet\" href=\"https:\/\/www.pmthotels.com\/\" target=\"_blank\" rel=\"noopener\">PMT HOTELS<\/a><\/p>\n<\/div>\n<\/div>\n<div class=\"ult-spacer spacer-61715658bc8fe\" data-id=\"61715658bc8fe\" data-height=\"25\" data-height-mobile=\"25\" data-height-tab=\"25\" data-height-tab-portrait=\"\" data-height-mobile-landscape=\"\"><\/div>\n<div class=\"wpb_text_column wpb_content_element \">\n<div class=\"wpb_wrapper\">\n<h3>Cr\u00e9dits photos :<\/h3>\n<p><a href=\"https:\/\/www.yvanmoreau.com\/\" target=\"_blank\" rel=\"noopener\">Yvan Moreau<\/a><\/p>\n<\/div>\n<\/div>\n<p>[\/vc_column_text][\/vc_column][vc_column width=\u00a0\u00bb1\/6&Prime;][\/vc_column][\/vc_row]<\/p>\n<\/div>","protected":false},"excerpt":{"rendered":"<p>[vc_row][vc_column width=\u00a0\u00bb1\/6&Prime;][\/vc_column][vc_column width=\u00a0\u00bb2\/3&Prime;][vc_column_text css=\u00a0\u00bb\u00a0\u00bb] Masseria del Carrubo Contrada Casale S.P. 26 CAP 9601 Noto, Italie +39 393 833 6595 D\u00e9nomination sociale : CASALE RIZZONI P. IVA 01511030890 &#8211; Cod. Unico M5UXCRI Directeur de publication B\u00e9n\u00e9dicte Ciscato et Rosario Gennaro H\u00e9bergement : SAS OVH au capital de 10 069 020 \u20ac RCS Lille M\u00e9tropole 424 761&hellip;<\/p>\n","protected":false},"author":1,"featured_media":0,"parent":0,"menu_order":98,"comment_status":"closed","ping_status":"closed","template":"","meta":{"footnotes":""},"class_list":["post-1028","page","type-page","status-publish","hentry","description-off"],"yoast_head":"<!-- This site is optimized with the Yoast SEO plugin v23.7 - https:\/\/yoast.com\/wordpress\/plugins\/seo\/ -->\n<title>Mentions l\u00e9gales - Masseria del Carrubo - Hotel Noto - Sicilia<\/title>\n<meta name=\"robots\" content=\"index, follow, max-snippet:-1, max-image-preview:large, max-video-preview:-1\" \/>\n<link rel=\"canonical\" href=\"https:\/\/masseria-del-carrubo.com\/fr\/mentions-legales\/\" \/>\n<meta property=\"og:locale\" content=\"fr_FR\" \/>\n<meta property=\"og:type\" content=\"article\" \/>\n<meta property=\"og:title\" content=\"Mentions l\u00e9gales - Masseria del Carrubo - Hotel Noto - Sicilia\" \/>\n<meta property=\"og:description\" content=\"[vc_row][vc_column width=\u00a0\u00bb1\/6&Prime;][\/vc_column][vc_column width=\u00a0\u00bb2\/3&Prime;][vc_column_text css=\u00a0\u00bb\u00a0\u00bb] Masseria del Carrubo Contrada Casale S.P. 26 CAP 9601 Noto, Italie +39 393 833 6595 D\u00e9nomination sociale : CASALE RIZZONI P. IVA 01511030890 &#8211; Cod. Unico M5UXCRI Directeur de publication B\u00e9n\u00e9dicte Ciscato et Rosario Gennaro H\u00e9bergement : SAS OVH au capital de 10 069 020 \u20ac RCS Lille M\u00e9tropole 424 761&hellip;\" \/>\n<meta property=\"og:url\" content=\"https:\/\/masseria-del-carrubo.com\/fr\/mentions-legales\/\" \/>\n<meta property=\"og:site_name\" content=\"Masseria del Carrubo - Hotel Noto - Sicilia\" \/>\n<meta property=\"article:publisher\" content=\"https:\/\/www.facebook.com\/Masseriedelcarruno\" \/>\n<meta property=\"article:modified_time\" content=\"2025-05-16T11:55:21+00:00\" \/>\n<meta name=\"twitter:card\" content=\"summary_large_image\" \/>\n<meta name=\"twitter:label1\" content=\"Dur\u00e9e de lecture estim\u00e9e\" \/>\n\t<meta name=\"twitter:data1\" content=\"1 minute\" \/>\n<script type=\"application\/ld+json\" class=\"yoast-schema-graph\">{\"@context\":\"https:\/\/schema.org\",\"@graph\":[{\"@type\":\"WebPage\",\"@id\":\"https:\/\/masseria-del-carrubo.com\/fr\/mentions-legales\/\",\"url\":\"https:\/\/masseria-del-carrubo.com\/fr\/mentions-legales\/\",\"name\":\"Mentions l\u00e9gales - Masseria del Carrubo - Hotel Noto - Sicilia\",\"isPartOf\":{\"@id\":\"https:\/\/masseria-del-carrubo.com\/fr\/#website\"},\"datePublished\":\"2022-06-03T08:24:33+00:00\",\"dateModified\":\"2025-05-16T11:55:21+00:00\",\"breadcrumb\":{\"@id\":\"https:\/\/masseria-del-carrubo.com\/fr\/mentions-legales\/#breadcrumb\"},\"inLanguage\":\"fr-FR\",\"potentialAction\":[{\"@type\":\"ReadAction\",\"target\":[\"https:\/\/masseria-del-carrubo.com\/fr\/mentions-legales\/\"]}]},{\"@type\":\"BreadcrumbList\",\"@id\":\"https:\/\/masseria-del-carrubo.com\/fr\/mentions-legales\/#breadcrumb\",\"itemListElement\":[{\"@type\":\"ListItem\",\"position\":1,\"name\":\"Accueil\",\"item\":\"https:\/\/masseria-del-carrubo.com\/fr\/\"},{\"@type\":\"ListItem\",\"position\":2,\"name\":\"Mentions l\u00e9gales\"}]},{\"@type\":\"WebSite\",\"@id\":\"https:\/\/masseria-del-carrubo.com\/fr\/#website\",\"url\":\"https:\/\/masseria-del-carrubo.com\/fr\/\",\"name\":\"Masseria del Carrubo - Hotel Noto - Sicilia\",\"description\":\"Un site d\u00e9velopp\u00e9 par PMT Hotels\",\"publisher\":{\"@id\":\"https:\/\/masseria-del-carrubo.com\/fr\/#organization\"},\"potentialAction\":[{\"@type\":\"SearchAction\",\"target\":{\"@type\":\"EntryPoint\",\"urlTemplate\":\"https:\/\/masseria-del-carrubo.com\/fr\/?s={search_term_string}\"},\"query-input\":{\"@type\":\"PropertyValueSpecification\",\"valueRequired\":true,\"valueName\":\"search_term_string\"}}],\"inLanguage\":\"fr-FR\"},{\"@type\":\"Organization\",\"@id\":\"https:\/\/masseria-del-carrubo.com\/fr\/#organization\",\"name\":\"Masseria del Carrubo - Hotel Noto - Sicilia\",\"url\":\"https:\/\/masseria-del-carrubo.com\/fr\/\",\"logo\":{\"@type\":\"ImageObject\",\"inLanguage\":\"fr-FR\",\"@id\":\"https:\/\/masseria-del-carrubo.com\/fr\/#\/schema\/logo\/image\/\",\"url\":\"https:\/\/masseria-del-carrubo.com\/wp-content\/uploads\/2022\/03\/Logo-Masseria-del-Carrubo-160.png\",\"contentUrl\":\"https:\/\/masseria-del-carrubo.com\/wp-content\/uploads\/2022\/03\/Logo-Masseria-del-Carrubo-160.png\",\"width\":425,\"height\":160,\"caption\":\"Masseria del Carrubo - Hotel Noto - Sicilia\"},\"image\":{\"@id\":\"https:\/\/masseria-del-carrubo.com\/fr\/#\/schema\/logo\/image\/\"},\"sameAs\":[\"https:\/\/www.facebook.com\/Masseriedelcarruno\",\"https:\/\/www.instagram.com\/masseriadelcarrubo\/\"]}]}<\/script>\n<!-- \/ Yoast SEO plugin. -->","yoast_head_json":{"title":"Mentions l\u00e9gales - Masseria del Carrubo - Hotel Noto - Sicilia","robots":{"index":"index","follow":"follow","max-snippet":"max-snippet:-1","max-image-preview":"max-image-preview:large","max-video-preview":"max-video-preview:-1"},"canonical":"https:\/\/masseria-del-carrubo.com\/fr\/mentions-legales\/","og_locale":"fr_FR","og_type":"article","og_title":"Mentions l\u00e9gales - Masseria del Carrubo - Hotel Noto - Sicilia","og_description":"[vc_row][vc_column width=\u00a0\u00bb1\/6&Prime;][\/vc_column][vc_column width=\u00a0\u00bb2\/3&Prime;][vc_column_text css=\u00a0\u00bb\u00a0\u00bb] Masseria del Carrubo Contrada Casale S.P. 26 CAP 9601 Noto, Italie +39 393 833 6595 D\u00e9nomination sociale : CASALE RIZZONI P. IVA 01511030890 &#8211; Cod. Unico M5UXCRI Directeur de publication B\u00e9n\u00e9dicte Ciscato et Rosario Gennaro H\u00e9bergement : SAS OVH au capital de 10 069 020 \u20ac RCS Lille M\u00e9tropole 424 761&hellip;","og_url":"https:\/\/masseria-del-carrubo.com\/fr\/mentions-legales\/","og_site_name":"Masseria del Carrubo - Hotel Noto - Sicilia","article_publisher":"https:\/\/www.facebook.com\/Masseriedelcarruno","article_modified_time":"2025-05-16T11:55:21+00:00","twitter_card":"summary_large_image","twitter_misc":{"Dur\u00e9e de lecture estim\u00e9e":"1 minute"},"schema":{"@context":"https:\/\/schema.org","@graph":[{"@type":"WebPage","@id":"https:\/\/masseria-del-carrubo.com\/fr\/mentions-legales\/","url":"https:\/\/masseria-del-carrubo.com\/fr\/mentions-legales\/","name":"Mentions l\u00e9gales - Masseria del Carrubo - Hotel Noto - Sicilia","isPartOf":{"@id":"https:\/\/masseria-del-carrubo.com\/fr\/#website"},"datePublished":"2022-06-03T08:24:33+00:00","dateModified":"2025-05-16T11:55:21+00:00","breadcrumb":{"@id":"https:\/\/masseria-del-carrubo.com\/fr\/mentions-legales\/#breadcrumb"},"inLanguage":"fr-FR","potentialAction":[{"@type":"ReadAction","target":["https:\/\/masseria-del-carrubo.com\/fr\/mentions-legales\/"]}]},{"@type":"BreadcrumbList","@id":"https:\/\/masseria-del-carrubo.com\/fr\/mentions-legales\/#breadcrumb","itemListElement":[{"@type":"ListItem","position":1,"name":"Accueil","item":"https:\/\/masseria-del-carrubo.com\/fr\/"},{"@type":"ListItem","position":2,"name":"Mentions l\u00e9gales"}]},{"@type":"WebSite","@id":"https:\/\/masseria-del-carrubo.com\/fr\/#website","url":"https:\/\/masseria-del-carrubo.com\/fr\/","name":"Masseria del Carrubo - Hotel Noto - Sicilia","description":"Un site d\u00e9velopp\u00e9 par PMT Hotels","publisher":{"@id":"https:\/\/masseria-del-carrubo.com\/fr\/#organization"},"potentialAction":[{"@type":"SearchAction","target":{"@type":"EntryPoint","urlTemplate":"https:\/\/masseria-del-carrubo.com\/fr\/?s={search_term_string}"},"query-input":{"@type":"PropertyValueSpecification","valueRequired":true,"valueName":"search_term_string"}}],"inLanguage":"fr-FR"},{"@type":"Organization","@id":"https:\/\/masseria-del-carrubo.com\/fr\/#organization","name":"Masseria del Carrubo - Hotel Noto - Sicilia","url":"https:\/\/masseria-del-carrubo.com\/fr\/","logo":{"@type":"ImageObject","inLanguage":"fr-FR","@id":"https:\/\/masseria-del-carrubo.com\/fr\/#\/schema\/logo\/image\/","url":"https:\/\/masseria-del-carrubo.com\/wp-content\/uploads\/2022\/03\/Logo-Masseria-del-Carrubo-160.png","contentUrl":"https:\/\/masseria-del-carrubo.com\/wp-content\/uploads\/2022\/03\/Logo-Masseria-del-Carrubo-160.png","width":425,"height":160,"caption":"Masseria del Carrubo - Hotel Noto - Sicilia"},"image":{"@id":"https:\/\/masseria-del-carrubo.com\/fr\/#\/schema\/logo\/image\/"},"sameAs":["https:\/\/www.facebook.com\/Masseriedelcarruno","https:\/\/www.instagram.com\/masseriadelcarrubo\/"]}]}},"_links":{"self":[{"href":"https:\/\/masseria-del-carrubo.com\/fr\/wp-json\/wp\/v2\/pages\/1028","targetHints":{"allow":["GET"]}}],"collection":[{"href":"https:\/\/masseria-del-carrubo.com\/fr\/wp-json\/wp\/v2\/pages"}],"about":[{"href":"https:\/\/masseria-del-carrubo.com\/fr\/wp-json\/wp\/v2\/types\/page"}],"author":[{"embeddable":true,"href":"https:\/\/masseria-del-carrubo.com\/fr\/wp-json\/wp\/v2\/users\/1"}],"replies":[{"embeddable":true,"href":"https:\/\/masseria-del-carrubo.com\/fr\/wp-json\/wp\/v2\/comments?post=1028"}],"version-history":[{"count":2,"href":"https:\/\/masseria-del-carrubo.com\/fr\/wp-json\/wp\/v2\/pages\/1028\/revisions"}],"predecessor-version":[{"id":1374,"href":"https:\/\/masseria-del-carrubo.com\/fr\/wp-json\/wp\/v2\/pages\/1028\/revisions\/1374"}],"wp:attachment":[{"href":"https:\/\/masseria-del-carrubo.com\/fr\/wp-json\/wp\/v2\/media?parent=1028"}],"curies":[{"name":"wp","href":"https:\/\/api.w.org\/{rel}","templated":true}]}}